{"id":100,"date":"2018-06-21T11:25:13","date_gmt":"2018-06-21T11:25:13","guid":{"rendered":"http:\/\/owi-pilicka.psoni.org.pl\/?page_id=100"},"modified":"2020-01-22T12:54:51","modified_gmt":"2020-01-22T10:54:51","slug":"zajecia-psychologiczne","status":"publish","type":"page","link":"https:\/\/owi-pilicka.psoni.org.pl\/?page_id=100","title":{"rendered":"Psychologia"},"content":{"rendered":"<h2 style=\"text-align: justify;\">Konsultacje psychologiczne<\/h2>\n<p style=\"text-align: justify;\">W O\u015brodku Wczesnej Interwencji ka\u017cde dziecko, wraz z jego rodzicami, zostaje obj\u0119te opiek\u0105 psychologa. Celem spotka\u0144 z psychologiem jest zebranie wa\u017cnych informacji o dotychczasowym przebiegu rozwoju dziecka oraz wst\u0119pna diagnoza aktualnego etapu rozwoju poznawczego, emocjonalnego i spo\u0142ecznego. Diagnoza przeprowadzona zostaje w oparciu o wywiad, obserwacj\u0119, wybrane pr\u00f3by kliniczne oraz w miar\u0119 potrzeby o&nbsp; standardowe metody diagnostyczne (tzw. testy inteligencji, skale rozwojowe, kwestionariusze). Wst\u0119pne okre\u015blenie mo\u017cliwo\u015bci i potrzeb rozwojowych dziecka jest istotne dla sformu\u0142owania cel\u00f3w programu terapii w sferze jego najbli\u017cszego rozwoju. Kolejne okresowe konsultacje z psychologiem opiekuj\u0105cym si\u0119 rodzin\u0105 s\u0142u\u017c\u0105 monitorowaniu przebiegu rozwoju dziecka, przekazywaniu rodzicom informacji na temat procesu terapeutycznego i elastycznemu dostosowaniu form pomocy do zmieniaj\u0105cych si\u0119 potrzeb naszych podopiecznych. Rodzice otrzymuj\u0105 wsparcie w ich kompetencjach wychowawczych oraz wskaz\u00f3wki do wspierania rozwoju ich dzieci w warunkach domowych. Psycholog przekazuje im tak\u017ce informacje dotycz\u0105ce mo\u017cliwo\u015bci korzystania z dost\u0119pnych w s\u0142u\u017cbie zdrowia \u015bwiadcze\u0144 oraz z&nbsp; program\u00f3w o\u015bwiatowych dla dzieci z trudno\u015bciami rozwojowymi.<\/p>\n<h2 style=\"text-align: justify;\">Terapia psychologiczna<\/h2>\n<p style=\"text-align: justify;\">Terapia psychologiczna skoncentrowana jest na stymulowaniu i wspomaganiu rozwoju ma\u0142ego dziecka. Poprzez prac\u0119 z terapeutami dziecko stopniowo ma mo\u017cliwo\u015b\u0107 adaptacji do zaj\u0119\u0107 w grupie i samodzielnej pracy z terapeut\u0105.<br \/>\nPoprzez prac\u0119 nad separacj\u0105, rozwijanie koncentracji dziecka, jego \u015bwiadomo\u015bci i rozumienia, staramy si\u0119 wspiera\u0107 proces zbierania nowych do\u015bwiadcze\u0144 i nabywania nowych umiej\u0119tno\u015bci.<br \/>\nTerapia ma w pierwszej kolejno\u015bci wspomaga\u0107 rozw\u00f3j pacjenta w obr\u0119bie przejawianych przez niego trudno\u015bci, wspiera\u0107 prac\u0119 rodzic\u00f3w i dostarcza\u0107 im wskaz\u00f3wek do pracy tak\u017ce poza O\u015brodkiem.<br \/>\nPoprzez wsp\u00f3\u0142prac\u0119 z terapeutami i otrzymywane instrukta\u017ce, rodzice maj\u0105 mo\u017cliwo\u015b\u0107 nabywania wiedzy na temat mo\u017cliwych kierunk\u00f3w pracy nad rozwojem dziecka w domu.<br \/>\nPsycholog ma te\u017c za zadanie pracowa\u0107 nad prawid\u0142owym rozwojem emocji u dziecka, nabywaniem przez nie kompetencji spo\u0142ecznych i jego adaptacj\u0105 do funkcjonowania w grupie. Wszelkie trudne zachowania przejawiane przez dziecko mog\u0105 by\u0107 konsultowane z psychologami w celu ustalenia sp\u00f3jnej strategii wyciszania i eliminowania takich zachowa\u0144.<\/p>\n","protected":false},"excerpt":{"rendered":"<p>Konsultacje psychologiczne W O\u015brodku Wczesnej Interwencji ka\u017cde dziecko, wraz z jego rodzicami, zostaje obj\u0119te opiek\u0105 psychologa. Celem spotka\u0144 z psychologiem jest zebranie wa\u017cnych informacji o dotychczasowym przebiegu rozwoju dziecka oraz wst\u0119pna diagnoza aktualnego etapu rozwoju poznawczego, emocjonalnego i spo\u0142ecznego. Diagnoza przeprowadzona zostaje w oparciu o wywiad, obserwacj\u0119, wybrane pr\u00f3by kliniczne [&hellip;]<\/p>\n","protected":false},"author":1,"featured_media":101,"parent":0,"menu_order":0,"comment_status":"closed","ping_status":"closed","template":"","meta":{"footnotes":""},"class_list":["post-100","page","type-page","status-publish","has-post-thumbnail","hentry"],"_links":{"self":[{"href":"https:\/\/owi-pilicka.psoni.org.pl\/index.php?rest_route=\/wp\/v2\/pages\/100","targetHints":{"allow":["GET"]}}],"collection":[{"href":"https:\/\/owi-pilicka.psoni.org.pl\/index.php?rest_route=\/wp\/v2\/pages"}],"about":[{"href":"https:\/\/owi-pilicka.psoni.org.pl\/index.php?rest_route=\/wp\/v2\/types\/page"}],"author":[{"embeddable":true,"href":"https:\/\/owi-pilicka.psoni.org.pl\/index.php?rest_route=\/wp\/v2\/users\/1"}],"replies":[{"embeddable":true,"href":"https:\/\/owi-pilicka.psoni.org.pl\/index.php?rest_route=%2Fwp%2Fv2%2Fcomments&post=100"}],"version-history":[{"count":9,"href":"https:\/\/owi-pilicka.psoni.org.pl\/index.php?rest_route=\/wp\/v2\/pages\/100\/revisions"}],"predecessor-version":[{"id":290,"href":"https:\/\/owi-pilicka.psoni.org.pl\/index.php?rest_route=\/wp\/v2\/pages\/100\/revisions\/290"}],"wp:featuredmedia":[{"embeddable":true,"href":"https:\/\/owi-pilicka.psoni.org.pl\/index.php?rest_route=\/wp\/v2\/media\/101"}],"wp:attachment":[{"href":"https:\/\/owi-pilicka.psoni.org.pl\/index.php?rest_route=%2Fwp%2Fv2%2Fmedia&parent=100"}],"curies":[{"name":"wp","href":"https:\/\/api.w.org\/{rel}","templated":true}]}}