{"id":103,"date":"2018-06-21T11:27:58","date_gmt":"2018-06-21T11:27:58","guid":{"rendered":"http:\/\/owi-pilicka.psoni.org.pl\/?page_id=103"},"modified":"2019-04-09T14:21:53","modified_gmt":"2019-04-09T12:21:53","slug":"o-nas","status":"publish","type":"page","link":"https:\/\/owi-pilicka.psoni.org.pl\/?page_id=103","title":{"rendered":"O nas"},"content":{"rendered":"<p style=\"text-align: justify;\">O\u015brodek Wczesnej Interwencji Polskiego Stowarzyszenia na rzecz Os\u00f3b z Niepe\u0142nosprawno\u015bci\u0105 Intelektualn\u0105 w Warszawie, powsta\u0142y niemal 40 lat temu, by\u0142 pierwsz\u0105 plac\u00f3wk\u0105 w Polsce i jedn\u0105 z nielicznych na \u015bwiecie, w kt\u00f3rej wprowadzono kompleksow\u0105, wielospecjalistyczn\u0105 opiek\u0119 nad ma\u0142ym, niepe\u0142nosprawnym, dzieckiem i jego rodzin\u0105. Powstanie takiej plac\u00f3wki by\u0142o dzie\u0142em wsp\u00f3\u0142pracuj\u0105cych ze sob\u0105 teoretyk\u00f3w i praktyk\u00f3w r\u00f3\u017cnych specjalno\u015bci, a podyktowane by\u0142o trosk\u0105 o holistyczne podej\u015bcie do dziecka niepe\u0142nosprawnego, terapii, rehabilitacji i jego rodziny.<br \/>\nDu\u017c\u0105 rol\u0119 odegra\u0142a inicjatywa ze strony rodzic\u00f3w dzieci niepe\u0142nosprawnych, kt\u00f3rzy potrzebowali wczesnej, wielodyscyplinarnej, kompleksowej i sta\u0142ej opieki. Podstaw\u0105 w tym modelu by\u0142o za\u0142o\u017cenie o wsp\u00f3\u0142pracuj\u0105cych ze sob\u0105 lekarzach wielu specjalno\u015bci, psychologach, logopedach, fizjoterapeutach i pedagogach specjalnych. Za\u0142o\u017cenie to sta\u0142o si\u0119 standardem wykorzystanym nie tylko przy tworzeniu kolejnych O\u015brodk\u00f3w Wczesnej Interwencji na terenie ca\u0142ego kraju (jest ich 33), ale tak\u017ce innych plac\u00f3wek zajmuj\u0105cych si\u0119 dzie\u0107mi niepe\u0142nosprawnymi, nie zwi\u0105zanych z naszym Stowarzyszeniem.<br \/>\nSpecjalizujemy si\u0119 w opiece dzieci od urodzenia do 7 roku \u017cycia, kt\u00f3rych rozw\u00f3j na r\u00f3\u017cnych etapach ich \u017cycia przebiega nieprawid\u0142owo. Naszymi pacjentami s\u0105 dzieci:<\/p>\n<ul style=\"text-align: justify;\">\n<li>obci\u0105\u017cone ryzykiem nieprawid\u0142owo\u015bci rozwojowych, b\u0119d\u0105cym konsekwencj\u0105 przedwczesnego porodu,<\/li>\n<li>z wieloczynnikowym uszkodzeniem lub wadami o\u015brodkowego uk\u0142adu nerwowego,<\/li>\n<li>z chorobami metabolicznymi,<\/li>\n<li>z uszkodzeniami materia\u0142u genetycznego,<\/li>\n<li>z dysfunkcj\u0105 narz\u0105du ruchu pochodzenia neurologicznego,<\/li>\n<li>z niepe\u0142nosprawno\u015bci\u0105 intelektualn\u0105,<\/li>\n<li>z dysfunkcj\u0105 narz\u0105d\u00f3w zmys\u0142\u00f3w i aparatu artykulacyjnego,<\/li>\n<li>ze spektrum autyzmu,<\/li>\n<li>ze sprz\u0119\u017conymi niepe\u0142nosprawno\u015bciami.<\/li>\n<\/ul>\n<p style=\"text-align: justify;\">Schemat przyjmowania dziecka do O\u015brodka rozpoczyna si\u0119 od diagnozy. W sk\u0142ad zespo\u0142u diagnostycznego wchodz\u0105: lekarze rehabilitacji medycznej, neurolodzy, psychiatrzy oraz neurologopedzi, logopedzi, fizjoterapeuci i psycholodzy.<br \/>\nKa\u017cde dziecko jest traktowane indywidualnie, a pomoc jest uzale\u017cniona od jego stanu.<br \/>\nW przypadku zakwalifikowania dziecka na terapi\u0119, jest ona realizowana wed\u0142ug zalece\u0144 zespo\u0142u konsultant\u00f3w, z aktywnym udzia\u0142em rodzic\u00f3w przy jej opracowywaniu. Pion terapeutyczny tworz\u0105: neurologopedzi, logopedzi, fizjoterapeuci, psycholodzy i pedagodzy specjalni. Dziecko, w zale\u017cno\u015bci od potrzeb, bierze udzia\u0142 w terapii indywidualnej i\/lub grupowej.<br \/>\nJako zesp\u00f3\u0142 wsp\u00f3\u0142pracujemy ze \u017c\u0142obkami, przedszkolami, szko\u0142ami i o\u015brodkami adopcyjnymi oraz opiek\u0105 spo\u0142eczn\u0105 i poradniami.<br \/>\nPracownicy merytoryczni OWI prowadz\u0105 zaj\u0119cia dydaktyczne ze studentami psychologii UW, logopedii UW, pedagogiki APS, logopedii APS, Wydzia\u0142u Rehabilitacji AWF oraz prowadz\u0105 wyk\u0142ady dla psycholog\u00f3w kszta\u0142c\u0105cych si\u0119 do specjalizacji klinicznej. W O\u015brodku praktyki studenckie odbywaj\u0105 przyszli psycholodzy, logopedzi, pedagodzy i fizjoterapeuci. Studenci tych kierunk\u00f3w maj\u0105 mo\u017cliwo\u015b\u0107 przeprowadzania bada\u0144 do prac magisterskich. Prowadzone s\u0105 tak\u017ce badania do prac doktorskich. Ponadto umo\u017cliwiamy odbywanie sta\u017cy do specjalizacji psychologom oraz lekarzom do specjalizacji z neurologii i psychiatrii.<\/p>\n","protected":false},"excerpt":{"rendered":"<p>O\u015brodek Wczesnej Interwencji Polskiego Stowarzyszenia na rzecz Os\u00f3b z Niepe\u0142nosprawno\u015bci\u0105 Intelektualn\u0105 w Warszawie, powsta\u0142y niemal 40 lat temu, by\u0142 pierwsz\u0105 plac\u00f3wk\u0105 w Polsce i jedn\u0105 z nielicznych na \u015bwiecie, w kt\u00f3rej wprowadzono kompleksow\u0105, wielospecjalistyczn\u0105 opiek\u0119 nad ma\u0142ym, niepe\u0142nosprawnym, dzieckiem i jego rodzin\u0105. Powstanie takiej plac\u00f3wki by\u0142o dzie\u0142em wsp\u00f3\u0142pracuj\u0105cych ze sob\u0105 [&hellip;]<\/p>\n","protected":false},"author":1,"featured_media":13,"parent":0,"menu_order":0,"comment_status":"closed","ping_status":"closed","template":"","meta":{"footnotes":""},"class_list":["post-103","page","type-page","status-publish","has-post-thumbnail","hentry"],"_links":{"self":[{"href":"https:\/\/owi-pilicka.psoni.org.pl\/index.php?rest_route=\/wp\/v2\/pages\/103","targetHints":{"allow":["GET"]}}],"collection":[{"href":"https:\/\/owi-pilicka.psoni.org.pl\/index.php?rest_route=\/wp\/v2\/pages"}],"about":[{"href":"https:\/\/owi-pilicka.psoni.org.pl\/index.php?rest_route=\/wp\/v2\/types\/page"}],"author":[{"embeddable":true,"href":"https:\/\/owi-pilicka.psoni.org.pl\/index.php?rest_route=\/wp\/v2\/users\/1"}],"replies":[{"embeddable":true,"href":"https:\/\/owi-pilicka.psoni.org.pl\/index.php?rest_route=%2Fwp%2Fv2%2Fcomments&post=103"}],"version-history":[{"count":4,"href":"https:\/\/owi-pilicka.psoni.org.pl\/index.php?rest_route=\/wp\/v2\/pages\/103\/revisions"}],"predecessor-version":[{"id":271,"href":"https:\/\/owi-pilicka.psoni.org.pl\/index.php?rest_route=\/wp\/v2\/pages\/103\/revisions\/271"}],"wp:featuredmedia":[{"embeddable":true,"href":"https:\/\/owi-pilicka.psoni.org.pl\/index.php?rest_route=\/wp\/v2\/media\/13"}],"wp:attachment":[{"href":"https:\/\/owi-pilicka.psoni.org.pl\/index.php?rest_route=%2Fwp%2Fv2%2Fmedia&parent=103"}],"curies":[{"name":"wp","href":"https:\/\/api.w.org\/{rel}","templated":true}]}}