{"id":153,"date":"2018-12-06T10:06:39","date_gmt":"2018-12-06T08:06:39","guid":{"rendered":"https:\/\/owi-pilicka.psoni.org.pl\/?page_id=153"},"modified":"2019-01-03T17:10:08","modified_gmt":"2019-01-03T15:10:08","slug":"rodo-w-terapeutycznym-punkcie-przedszkolnym-doswiadczanie-swiata","status":"publish","type":"page","link":"https:\/\/owi-pilicka.psoni.org.pl\/?page_id=153","title":{"rendered":"RODO w TERAPEUTYCZNYM PUNKCIE PRZEDSZKOLNYM \u201eDO\u015aWIADCZANIE \u015aWIATA\u2019\u2019"},"content":{"rendered":"<p style=\"text-align: justify;\"><strong>Informacja dla dzieci i rodzic\u00f3w, korzystaj\u0105cych z <em>TERAPEUTYCZNEGO PUNKTU PRZEDSZKOLNEGO \u201eDO\u015aWIADCZANIE \u015aWIATA\u2019\u2019<\/em><\/strong><\/p>\n<p style=\"text-align: justify;\"><strong><u>Szanowni Pa\u0144stwo,<\/u><\/strong><\/p>\n<p style=\"text-align: justify;\"><strong><em><u>W zwi\u0105zku z rozpocz\u0119ciem obowi\u0105zywania Rozporz\u0105dzenia Parlamentu Europejskiego i Rady (UE) 2016\/679 z dnia 27 kwietnia 2016 r. w sprawie ochrony os\u00f3b fizycznych w zwi\u0105zku z przetwarzaniem danych osobowych i w sprawie swobodnego przep\u0142ywu takich danych oraz uchylenia dyrektywy 95\/46\/WE, (dalej RODO)., prosz\u0119 o zapoznanie si\u0119 z poni\u017cszymi informacjami!!!<\/u><\/em><\/strong><\/p>\n<p style=\"text-align: justify;\"><strong><u>Nota Prawna:<\/u><\/strong><\/p>\n<p style=\"text-align: justify;\">Zgodnie z art. 13 RODO Administrator Danych zbieraj\u0105c dane osobowe bezpo\u015brednio od os\u00f3b kt\u00f3rych dane dotycz\u0105 tj.\u00a0 od Pa\u0144stwa zobowi\u0105zany jest do przekazania tej osobie wszystkich wymaganych i wymienionych w tym przepisie informacji.<\/p>\n<p style=\"text-align: justify;\"><strong>Informacja o przetwarzaniu danych osobowych (Obowi\u0105zek informacyjny)<\/strong><\/p>\n<p style=\"text-align: justify;\"><strong><u>Administratorem Pani\/Pana danych osobowych<\/u><\/strong><u> <strong>jest<\/strong> Polskie Stowarzyszenie na Rzecz Os\u00f3b z Niepe\u0142nosprawno\u015bci\u0105 Intelektualn\u0105 z siedzib\u0105 w Warszawie (02-639) przy ul. G\u0142ogowej 2B, realizuj\u0105ce swoje statutowe cele r\u00f3wnie\u017c w\u00a0ramach jednostki organizacyjnej <\/u>Terapeutycznego Punktu Przedszkolnego \u201eDo\u015bwiadczanie \u015awiata\u201d<u>\u00a0 z siedzib\u0105 przy ul. Pilickiej 21 w Warszawie (kod 02-613) dalej OWI .<\/u><\/p>\n<p style=\"text-align: justify;\"><strong><u>Cel, zakres i podstawa prawna przetwarzania<\/u><\/strong><u> <strong>Pani\/Pana danych osobowych :<\/strong><\/u><\/p>\n<p style=\"text-align: justify;\">Dane osobowe okre\u015blone w karcie zg\u0142oszenia do terapeutycznego punktu przedszkolnego ,,Do\u015bwiadczenia \u015awiata\u2019\u2019 przetwarzane b\u0119d\u0105 w celach zwi\u0105zanych z rekrutacj\u0105 do ww. punktu.\u00a0 Przetwarzanie danych osobowych b\u0119dzie odbywa\u0107 si\u0119 w tym wypadku na podstawie artyku\u0142u 6 ust. 1 lit c) i f) RODO w zwi\u0105zku zw. z art. 149, 150, 155 ustawy z dnia 14 grudnia 2016 r. Prawo O\u015bwiatowe w zw. z art. 6 Rozporz\u0105dzenia Ministra Zdrowia i Edukacji Narodowej <em>z dnia 28 sierpnia 2017 r. w sprawie rodzaj\u00f3w innych form wychowania przedszkolnego, warunk\u00f3w tworzenia i organizowania tych form oraz sposobu ich dzia\u0142ania. <\/em>Przetwarzanie danych osobowych wra\u017cliwych o stanie zdrowia, stosowanej diecie i rozwoju psychofizycznym dziecka b\u0119dzie si\u0119 odbywa\u0107 na podstawie art. 155 Ustawy Prawo O\u015bwiatowe w zw. z artyku\u0142em 9 ust. 2 lit b) RODO\u00a0 oraz art. 9 ust. 2 lit h RODO<\/p>\n<p style=\"text-align: justify;\">\n<p style=\"text-align: justify;\">Dane osobowe przyj\u0119tych dzieci b\u0119d\u0105 przetwarzane w celu wykonywania dzia\u0142alno\u015bci dydaktycznej, wychowawczej i opieku\u0144czej, w tym realizowania program\u00f3w wychowania przedszkolnego, prowadzenia terapii dzieci, oraz wykonania ci\u0105\u017c\u0105cych na OWI obowi\u0105zkach prawnych. Podstaw\u0105 prawn\u0105 przetwarzania danych osobowych\u00a0 w ww. celach b\u0119dzie art. 6 ust .1 lit f) RODO, art. 6 ust. 1 lit e) RODO ,a tak\u017ce art. 6 ust. 1 lit c) RODO w zw. z ustaw\u0105 z dnia 14 grudnia 2016 r. Prawo O\u015bwiatowe w zw. z art. 6 Rozporz\u0105dzenia Ministra Zdrowia i Edukacji Narodowej\u00a0 <em>z dnia 28 sierpnia 2017 r. w sprawie rodzaj\u00f3w innych form wychowania przedszkolnego, warunk\u00f3w tworzenia i organizowania tych form oraz sposobu ich dzia\u0142ania. <\/em>Przetwarzanie danych osobowych w celu dochodzenia i obrony przed roszczeniami b\u0119dzie odbywa\u0107 si\u0119 na podstawie art. 6 ust. 1 lit f) RODO, na tej same podstawie prawnej b\u0119dzie dokonywane przetwarzanie danych osobowych os\u00f3b upowa\u017cnionych do odbioru dziecka jego opiekun\u00f3w prawnych lub rodzic\u00f3w.<\/p>\n<p style=\"text-align: justify;\">\n<p style=\"text-align: justify;\"><strong><u>Podmioty, kt\u00f3rym mog\u0105 by\u0107 udost\u0119pnione Pani\/Pana dane osobowe:<\/u><\/strong><\/p>\n<p style=\"text-align: justify;\">Pani\/Pana dane osobowe, mog\u0105 by\u0107 udost\u0119pniane innym podmiotom w wypadku wyra\u017cenia przez Pani\u0105\/Pana dobrowolnej zgody na udost\u0119pnienie tych danych podmiotom kt\u00f3re Pani\/Pan wska\u017ce w swoim o\u015bwiadczeniu lub w wypadku obowi\u0105zku udost\u0119pnienia danych osobowych wynikaj\u0105cego z powszechnie obowi\u0105zuj\u0105cych przepis\u00f3w prawa podmiotom uprawnionym do ich otrzymania, w szczeg\u00f3lno\u015bci: powszechnemu operatorowi pocztowemu, organom dochodzeniowo-\u015bledczym, s\u0105dom, podmiotom nadzoruj\u0105cym dzia\u0142alno\u015b\u0107 OWI. W szczeg\u00f3lno\u015bci, na \u017c\u0105danie organ\u00f3w dochodzeniowo &#8211; \u015bledczych, s\u0105d\u00f3w. Ponadto, Pani\/Pana dane osobowe mog\u0119 by\u0107 ujawniane podmiotom wspieraj\u0105cym dzia\u0142ania Administratora Danych tj.: serwisanci, w tym system\u00f3w informatycznych, kancelarie prawne, firmy consultingowe i audytorskie. Administrator Danych b\u0119dzie ujawnia\u0107 w\/w podmiotom Pani\/Pana dane osobowe zawsze z poszanowaniem bezpiecze\u0144stwa Pani\/Pana danych osobowych nak\u0142adaj\u0105c na te podmioty obowi\u0105zki zachowania tych danych w poufno\u015bci. Administrator Danych b\u0119dzie wybiera\u0107 tylko takie podmioty do \u015bwiadczenia na jej rzecz us\u0142ug, kt\u00f3re daj\u0105 nale\u017cyte gwarancje wype\u0142niania wymog\u00f3w wynikaj\u0105cych z RODO.<\/p>\n<p style=\"text-align: justify;\">\n<p style=\"text-align: justify;\">Administrator Danych nie ma zamiaru przekazywania Pani\/Pana danych osobowych do pa\u0144stwa trzeciego lub organizacji mi\u0119dzynarodowej.<\/p>\n<p style=\"text-align: justify;\"><strong><u>Okres przetwarzania Pani\/Pana danych osobowych<\/u><\/strong>:<\/p>\n<p style=\"text-align: justify;\">Dane b\u0119dziemy wykorzystywa\u0107 przez okres wykonywania dzia\u0142alno\u015bci dydaktycznej, wychowawczej i opieku\u0144czej ale nie d\u0142u\u017cej ni\u017c do czasu przedawnienia roszcze\u0144 (nie d\u0142u\u017cej ni\u017c 6 lat). Jednocze\u015bnie wskazujemy, \u017ce zgodnie z art. 160 Ustawy Prawo O\u015bwiatowe:<\/p>\n<ol style=\"text-align: justify;\">\n<li>a) w sytuacji przyj\u0119cia dziecka do naszego punktu &#8211; dane b\u0119d\u0105 przetwarzane przez ca\u0142y czas korzystania z us\u0142ug naszego punktu,<\/li>\n<li>b) w sytuacji nieprzyj\u0119cia dziecka do naszego punktu &#8211; dane b\u0119d\u0105 przetwarzane przez okres roku, od dnia nieuwzgl\u0119dnienia wniosku.<\/li>\n<\/ol>\n<p style=\"text-align: justify;\">\n<p style=\"text-align: justify;\"><strong><u>Przys\u0142uguj\u0105ce Pani\/Panu prawa w zwi\u0105zku z przetwarzaniem danych osobowych przez<\/u><\/strong><u> <strong>Administratora Danych:<\/strong><\/u><\/p>\n<p style=\"text-align: justify;\">Przys\u0142uguje Pani\/Panu prawo \u017c\u0105dania od administratora danych dost\u0119pu do danych osobowych, ich sprostowania, usuni\u0119cia gdy s\u0105 nadmiarowe lub nieprawdziwe, ograniczenia przetwarzania, prawo wniesienia sprzeciwu wobec dalszego przetwarzania danych z przyczyn zwi\u0105zanych z Pani\/Pana szczeg\u00f3ln\u0105 sytuacj\u0105, lub gdy s\u0105 one przetwarzane na potrzeby marketingu, w tym profilowania, w zakresie, w jakim przetwarzanie jest zwi\u0105zane z takim marketingiem bezpo\u015brednim. Przys\u0142uguje Pani\/Panu prawo do cofni\u0119cia ka\u017cdej wyra\u017conej przez siebie zgody na przetwarzanie Pani\/Pana danych, w tym ich udost\u0119pniania, w ka\u017cdym momencie bez wp\u0142ywu na zgodno\u015b\u0107 z prawem przetwarzania, kt\u00f3rego dokonano na podstawie zgody przed jej cofni\u0119ciem. Przys\u0142uguje Pani\/Panu w zwi\u0105zku z przetwarzaniem danych osobowych prawo wniesienia skargi do organu nadzorczego.<\/p>\n<p style=\"text-align: justify;\">Podanie danych osobowych jest dobrowolne, lecz niezb\u0119dne do rozpatrzenia zg\u0142oszenia\u00a0 przez Administratora Danych Pani\/Pana dane osobowe nie b\u0119d\u0105 podlega\u0107 decyzjom opieraj\u0105cym si\u0119 wy\u0142\u0105cznie na zautomatyzowanym przetwarzaniu, w tym profilowaniu.<\/p>\n<p style=\"text-align: justify;\"><strong><u>Adres do korespondencji:<\/u><\/strong><\/p>\n<p style=\"text-align: justify;\">Je\u015bli chcia\u0142aby\/chcia\u0142by Pani\/Pan dowiedzie\u0107 si\u0119 wi\u0119cej w kwestiach zwi\u0105zanych z ochron\u0105 danych osobowych, zmieni\u0107 z\u0142o\u017cone przez siebie kt\u00f3re\u015b z o\u015bwiadcze\u0144 lub skorzysta\u0107 z przys\u0142uguj\u0105cych jej\/jemu powy\u017cej wskazanych praw, prosimy o kierowanie korespondencji pod adres siedziby Administratora Danych W przypadku skierowania w\/w\/ korespondencji, Administrator Danych zgodnie z obowi\u0105zuj\u0105cymi przepisami prawa udzieli Pani\/Panu odpowiedzi w terminie 30 dni. Z uwagi na skomplikowany charakter \u017c\u0105dania lub liczb\u0119 \u017c\u0105da\u0144 jakie nam Pani\/Pan przeka\u017ce termin odpowiedzi mo\u017ce ulec wyd\u0142u\u017ceniu do 90 dni, w\u00f3wczas poinformujemy Pani\u0105\/Pana w terminie miesi\u0105ca o takim wyd\u0142u\u017ceniu.<\/p>\n<p style=\"text-align: justify;\"><strong>\u00a0<\/strong><\/p>\n<p style=\"text-align: justify;\"><strong>Kontakt z Inspektorem Ochrony Danych<\/strong><\/p>\n<p style=\"text-align: justify;\">W celu kontaktu z Inspektorem Ochrony Danych Osobowych OWI prosz\u0119 o wys\u0142anie korespondencji na adres ul. Pilicka 21 w Warszawie (kod 02-613) lub na adres e-mail: \u00a0<span><a href=\"mailto:iod.owi@psoni.org.pl\">iod.owi@psoni.org.pl<\/a><\/span><\/p>\n","protected":false},"excerpt":{"rendered":"<p>Informacja dla dzieci i rodzic\u00f3w, korzystaj\u0105cych z TERAPEUTYCZNEGO PUNKTU PRZEDSZKOLNEGO \u201eDO\u015aWIADCZANIE \u015aWIATA\u2019\u2019 Szanowni Pa\u0144stwo, W zwi\u0105zku z rozpocz\u0119ciem obowi\u0105zywania Rozporz\u0105dzenia Parlamentu Europejskiego i Rady (UE) 2016\/679 z dnia 27 kwietnia 2016 r. w sprawie ochrony os\u00f3b fizycznych w zwi\u0105zku z przetwarzaniem danych osobowych i w sprawie swobodnego przep\u0142ywu takich danych [&hellip;]<\/p>\n","protected":false},"author":1,"featured_media":160,"parent":0,"menu_order":0,"comment_status":"closed","ping_status":"closed","template":"","meta":{"footnotes":""},"class_list":["post-153","page","type-page","status-publish","has-post-thumbnail","hentry"],"_links":{"self":[{"href":"https:\/\/owi-pilicka.psoni.org.pl\/index.php?rest_route=\/wp\/v2\/pages\/153","targetHints":{"allow":["GET"]}}],"collection":[{"href":"https:\/\/owi-pilicka.psoni.org.pl\/index.php?rest_route=\/wp\/v2\/pages"}],"about":[{"href":"https:\/\/owi-pilicka.psoni.org.pl\/index.php?rest_route=\/wp\/v2\/types\/page"}],"author":[{"embeddable":true,"href":"https:\/\/owi-pilicka.psoni.org.pl\/index.php?rest_route=\/wp\/v2\/users\/1"}],"replies":[{"embeddable":true,"href":"https:\/\/owi-pilicka.psoni.org.pl\/index.php?rest_route=%2Fwp%2Fv2%2Fcomments&post=153"}],"version-history":[{"count":2,"href":"https:\/\/owi-pilicka.psoni.org.pl\/index.php?rest_route=\/wp\/v2\/pages\/153\/revisions"}],"predecessor-version":[{"id":219,"href":"https:\/\/owi-pilicka.psoni.org.pl\/index.php?rest_route=\/wp\/v2\/pages\/153\/revisions\/219"}],"wp:featuredmedia":[{"embeddable":true,"href":"https:\/\/owi-pilicka.psoni.org.pl\/index.php?rest_route=\/wp\/v2\/media\/160"}],"wp:attachment":[{"href":"https:\/\/owi-pilicka.psoni.org.pl\/index.php?rest_route=%2Fwp%2Fv2%2Fmedia&parent=153"}],"curies":[{"name":"wp","href":"https:\/\/api.w.org\/{rel}","templated":true}]}}