{"id":373,"date":"2020-04-02T15:59:30","date_gmt":"2020-04-02T13:59:30","guid":{"rendered":"https:\/\/owi-pilicka.psoni.org.pl\/?page_id=373"},"modified":"2020-05-05T15:25:28","modified_gmt":"2020-05-05T13:25:28","slug":"kacik-czytania","status":"publish","type":"page","link":"https:\/\/owi-pilicka.psoni.org.pl\/?page_id=373","title":{"rendered":"K\u0105cik czytania"},"content":{"rendered":"\n<p class=\"has-text-align-right\"> 30.03.2020r <\/p>\n\n\n\n<p><em>Zach\u0119camy do wsp\u00f3lnego czytania, to doskona\u0142a forma na&nbsp; sp\u0119dzanie czasu jak i wzmacnianie kompetencji dziecka w wielu sferach.<\/em><br><em>Chcieliby\u015bmy aby, wsp\u00f3lne czytanie oznacza\u0142o dla dzieci i dla Pa\u0144stwa chwile rado\u015bci.&nbsp;<\/em><br><em>Pozwalajmy dziecku wybiera\u0107 ksi\u0105\u017ck\u0119, wraca\u0107 do ulubionego tekstu\n wiele razy, je\u015bli ma na to ochot\u0119. I nie przepytujmy, nie sprawdzajmy \nczy zrozumia\u0142o, czy zapami\u0119ta\u0142o. Nie&nbsp;zapominajmy, \u017ce&nbsp;dziecko uczy si\u0119 \nprzez&nbsp;zabaw\u0119:)<\/em><br><em>Pami\u0119tajmy o tym, \u017ce ma\u0142e dziecko&nbsp; ma potrzeb\u0119 ruchu, pozwalajmy\n wi\u0119c by wstawa\u0142o czy jednocze\u015bnie si\u0119 bawi\u0142o \u2013&nbsp; aby s\u0142ucha\u0107 nie zawsze \nmusi siedzie\u0107 i koncentrowa\u0107 si\u0119 na czytanym tek\u015bcie.<\/em><br><em>Zapraszamy do s\u0142uchania i ogl\u0105dania KSI\u0104\u017bEK w zak\u0142adce&nbsp; CZYTAMY Z\n WAMI, polecamy r\u00f3wnie\u017c ciekawe pozycje w zak\u0142adce BIBLIOTECZKA.<\/em><br><em>\u017byczymy mi\u0142ych wsp\u00f3lnych chwil &#8211; razem z ksi\u0105\u017ckami:)&nbsp;&nbsp;<\/em><\/p>\n\n\n\n<p class=\"has-text-align-center\">\u058d&nbsp; \u058d&nbsp; \u058d&nbsp; \u058d&nbsp;\n\u058d<\/p>\n","protected":false},"excerpt":{"rendered":"<p>30.03.2020r Zach\u0119camy do wsp\u00f3lnego czytania, to doskona\u0142a forma na&nbsp; sp\u0119dzanie czasu jak i wzmacnianie kompetencji dziecka w wielu sferach.Chcieliby\u015bmy aby, wsp\u00f3lne czytanie oznacza\u0142o dla dzieci i dla Pa\u0144stwa chwile rado\u015bci.&nbsp;Pozwalajmy dziecku wybiera\u0107 ksi\u0105\u017ck\u0119, wraca\u0107 do ulubionego tekstu wiele razy, je\u015bli ma na to ochot\u0119. I nie przepytujmy, nie sprawdzajmy czy [&hellip;]<\/p>\n","protected":false},"author":2,"featured_media":0,"parent":0,"menu_order":0,"comment_status":"closed","ping_status":"closed","template":"","meta":{"footnotes":""},"class_list":["post-373","page","type-page","status-publish","hentry"],"_links":{"self":[{"href":"https:\/\/owi-pilicka.psoni.org.pl\/index.php?rest_route=\/wp\/v2\/pages\/373","targetHints":{"allow":["GET"]}}],"collection":[{"href":"https:\/\/owi-pilicka.psoni.org.pl\/index.php?rest_route=\/wp\/v2\/pages"}],"about":[{"href":"https:\/\/owi-pilicka.psoni.org.pl\/index.php?rest_route=\/wp\/v2\/types\/page"}],"author":[{"embeddable":true,"href":"https:\/\/owi-pilicka.psoni.org.pl\/index.php?rest_route=\/wp\/v2\/users\/2"}],"replies":[{"embeddable":true,"href":"https:\/\/owi-pilicka.psoni.org.pl\/index.php?rest_route=%2Fwp%2Fv2%2Fcomments&post=373"}],"version-history":[{"count":5,"href":"https:\/\/owi-pilicka.psoni.org.pl\/index.php?rest_route=\/wp\/v2\/pages\/373\/revisions"}],"predecessor-version":[{"id":713,"href":"https:\/\/owi-pilicka.psoni.org.pl\/index.php?rest_route=\/wp\/v2\/pages\/373\/revisions\/713"}],"wp:attachment":[{"href":"https:\/\/owi-pilicka.psoni.org.pl\/index.php?rest_route=%2Fwp%2Fv2%2Fmedia&parent=373"}],"curies":[{"name":"wp","href":"https:\/\/api.w.org\/{rel}","templated":true}]}}