{"id":397,"date":"2020-04-02T16:13:59","date_gmt":"2020-04-02T14:13:59","guid":{"rendered":"https:\/\/owi-pilicka.psoni.org.pl\/?page_id=397"},"modified":"2020-04-27T17:18:00","modified_gmt":"2020-04-27T15:18:00","slug":"u-pedagoga-i-psychologa","status":"publish","type":"page","link":"https:\/\/owi-pilicka.psoni.org.pl\/?page_id=397","title":{"rendered":"U pedagoga i psychologa"},"content":{"rendered":"\n<p class=\"has-text-align-right\">27.04.2020<\/p>\n\n\n\n<p><strong>Ugniatamy i lepimy &#8211; dobrze si\u0119 bawimy,<\/strong><\/p>\n\n\n\n<p><strong>paluszkami pracujemy i r\u0105czki \u0107wiczymy&#8230;<\/strong><\/p>\n\n\n\n<figure class=\"wp-block-image size-large\"><img loading=\"lazy\" decoding=\"async\" width=\"993\" height=\"1024\" src=\"https:\/\/owi-pilicka.psoni.org.pl\/wp-content\/uploads\/2020\/04\/palce-993x1024.jpg\" alt=\"\" class=\"wp-image-669\" srcset=\"https:\/\/owi-pilicka.psoni.org.pl\/wp-content\/uploads\/2020\/04\/palce-993x1024.jpg 993w, https:\/\/owi-pilicka.psoni.org.pl\/wp-content\/uploads\/2020\/04\/palce-291x300.jpg 291w, https:\/\/owi-pilicka.psoni.org.pl\/wp-content\/uploads\/2020\/04\/palce-768x792.jpg 768w, https:\/\/owi-pilicka.psoni.org.pl\/wp-content\/uploads\/2020\/04\/palce-1489x1536.jpg 1489w, https:\/\/owi-pilicka.psoni.org.pl\/wp-content\/uploads\/2020\/04\/palce-1985x2048.jpg 1985w\" sizes=\"auto, (max-width: 993px) 100vw, 993px\" \/><\/figure>\n\n\n\n<p>Zabawa ciastolin\u0105, mas\u0105 soln\u0105, czy plastelin\u0105 jest doskona\u0142ym treningiem dla ma\u0142ych r\u0105czek. Dziecko lepi\u0105c i ugniataj\u0105c r\u00f3\u017cne masy wzmacnia i uelastycznia mi\u0119\u015bnie oraz stawy d\u0142oni i palc\u00f3w, uczy si\u0119 dostosowywa\u0107 ich si\u0142\u0119 do oporu, jakie stwarza tworzywo. Dzi\u0119ki temu w przysz\u0142o\u015bci \u0142atwiej b\u0119dzie mu dopasowa\u0107 nacisk i kierunek ruch\u00f3w kredki, czy d\u0142ugopisu podczas rysowania, czy pisania. Ale przede wszystkim zabawa masami, kt\u00f3re mo\u017cna formowa\u0107 i przekszta\u0142ca\u0107 daje wiele ciekawych dozna\u0144 sensorycznych i jest okazj\u0105 do rozwijania kreatywno\u015bci i poczucia sprawstwa. Malec mo\u017ce zrobi\u0107 z ciastolin\u0105 cokolwiek tylko chce i ka\u017cdy jego pomys\u0142 b\u0119dzie dobry. Najwa\u017cniejsze jest samo dzia\u0142anie, nie tylko efekt!<\/p>\n\n\n\n<p>Przedstawiamy kilka <strong>przepis\u00f3w na masy plastyczne<\/strong> do lepienia, kt\u00f3re mo\u017cna wykona\u0107 w domu razem z dzieckiem. Wsp\u00f3lne mieszanie sk\u0142adnik\u00f3w mo\u017ce by\u0107 dla niego r\u00f3wnie du\u017c\u0105 frajd\u0105, jak sama zabawa gotowym tworzywem. <\/p>\n\n\n\n<figure class=\"wp-block-image size-large is-resized\"><img loading=\"lazy\" decoding=\"async\" src=\"https:\/\/owi-pilicka.psoni.org.pl\/wp-content\/uploads\/2020\/04\/ciasto1-710x1024.jpg\" alt=\"\" class=\"wp-image-670\" width=\"571\" height=\"823\" srcset=\"https:\/\/owi-pilicka.psoni.org.pl\/wp-content\/uploads\/2020\/04\/ciasto1-710x1024.jpg 710w, https:\/\/owi-pilicka.psoni.org.pl\/wp-content\/uploads\/2020\/04\/ciasto1-208x300.jpg 208w, https:\/\/owi-pilicka.psoni.org.pl\/wp-content\/uploads\/2020\/04\/ciasto1-768x1108.jpg 768w, https:\/\/owi-pilicka.psoni.org.pl\/wp-content\/uploads\/2020\/04\/ciasto1-1065x1536.jpg 1065w, https:\/\/owi-pilicka.psoni.org.pl\/wp-content\/uploads\/2020\/04\/ciasto1-1420x2048.jpg 1420w, https:\/\/owi-pilicka.psoni.org.pl\/wp-content\/uploads\/2020\/04\/ciasto1-scaled.jpg 1775w\" sizes=\"auto, (max-width: 571px) 100vw, 571px\" \/><\/figure>\n\n\n\n<figure class=\"wp-block-image size-large\"><img loading=\"lazy\" decoding=\"async\" width=\"960\" height=\"640\" src=\"https:\/\/owi-pilicka.psoni.org.pl\/wp-content\/uploads\/2020\/04\/ciasto2.jpg\" alt=\"\" class=\"wp-image-671\" srcset=\"https:\/\/owi-pilicka.psoni.org.pl\/wp-content\/uploads\/2020\/04\/ciasto2.jpg 960w, https:\/\/owi-pilicka.psoni.org.pl\/wp-content\/uploads\/2020\/04\/ciasto2-300x200.jpg 300w, https:\/\/owi-pilicka.psoni.org.pl\/wp-content\/uploads\/2020\/04\/ciasto2-768x512.jpg 768w, https:\/\/owi-pilicka.psoni.org.pl\/wp-content\/uploads\/2020\/04\/ciasto2-360x240.jpg 360w\" sizes=\"auto, (max-width: 960px) 100vw, 960px\" \/><\/figure>\n\n\n\n<p class=\"has-text-color has-background has-very-dark-gray-color has-pale-cyan-blue-background-color\"> \u2022<strong>Masa solna <\/strong><\/p>\n\n\n\n<p><em>Potrzebne sk\u0142adniki:<\/em><\/p>\n\n\n\n<ul class=\"wp-block-list\"><li>1 szklanka m\u0105ki, <\/li><li>\u00bd szklanki soli kuchennej, <\/li><li>\u00bc szklanki m\u0105ki ziemniaczanej,<\/li><li>\u00bd lub nieco wi\u0119cej szklanki zimnej wody.<\/li><\/ul>\n\n\n\n<p>Mieszamy wszystkie sypkie sk\u0142adniki i dodajemy stopniowo zimn\u0105 wod\u0119. Zagniatamy ciasto o\nkonsystencji mi\u0119kkiej plasteliny.<\/p>\n\n\n\n<p class=\"has-text-color has-background has-very-dark-gray-color has-pale-cyan-blue-background-color\"> \u2022<strong>Ciastolina bezglutenowa<\/strong><\/p>\n\n\n\n<p>( dla dzieci z celiaki\u0105,\nnietolerancj\u0105 lub alergi\u0105 na gluten)<\/p>\n\n\n\n<p><em>Potrzebne sk\u0142adniki:<\/em><\/p>\n\n\n\n<ul class=\"wp-block-list\"><li>1 szklanka m\u0105ki bezglutenowej (koncentrat      uniwersalny lub wybran\u0105 m\u0105k\u0119 ry\u017cow\u0105,      kukurydzian\u0105,      dyniow\u0105,      owsian\u0105 mo\u017cna po\u0142\u0105czy\u0107 ze skrobi\u0105 kukurydzian\u0105 w proporcji 1:1 ), <\/li><li>\u00bd szklanki soli drobnoziarnistej, <\/li><li>1 \u0142y\u017cka oleju,  <\/li><li>1 \u0142y\u017cka bezglutenowego proszku do pieczenia,<\/li><li>\u00bd szklanki ch\u0142odnej wody, opcjonalnie barwnik      spo\u017cywczy, aromat do ciast lub kilka kropli olejku zapachowego (ostro\u017cnie      u dzieci alergicznych!). <\/li><\/ul>\n\n\n\n<p>Wszystkie sk\u0142adniki umieszczamy w garnku i podgrzewaj\u0105c\nna ma\u0142ym ogniu ca\u0142y czas mieszamy, a\u017c powstanie&nbsp;\nzwarta bry\u0142a oddzielaj\u0105ca si\u0119 od dna. Gdy lekko przestygnie, wyci\u0105gamy i ca\u0142o\u015b\u0107 zagniatamy.<\/p>\n\n\n\n<p>Je\u015bli dziecko nie jest na diecie bezglutenowej w przepisie mo\u017cna u\u017cy\u0107 m\u0105ki\npszennej.<\/p>\n\n\n\n<p class=\"has-background has-pale-cyan-blue-background-color\"> \u2022<strong>M\u0105kolina (\u201emokry piasek\u201d)<\/strong><\/p>\n\n\n\n<p><em>Potrzebne sk\u0142adniki:<\/em><em><\/em><\/p>\n\n\n\n<ul class=\"wp-block-list\"><li>4 szklanki m\u0105ki, <\/li><li>1\/2 szklanki oleju.<\/li><\/ul>\n\n\n\n<p>Mieszamy razem\nsk\u0142adniki, powstaje masa przypominaj\u0105ca konsystencj\u0105 piasek. Mo\u017cna z niej\nlepi\u0107 kule, robi\u0107 babki u\u017cywaj\u0105c foremek do\npiasku. <\/p>\n\n\n\n<p>Tak powsta\u0142ymi masami do lepienia mo\u017cna bawi\u0107 si\u0119 w\nbardzo r\u00f3\u017cnorodny spos\u00f3b w zale\u017cno\u015bci od wieku i mo\u017cliwo\u015bci naszych pociech:<\/p>\n\n\n\n<ul class=\"wp-block-list\"><li>eksperymentowanie: ugniatanie, rozdzieranie,\n     zgniatanie, wa\u0142kowanie,<\/li><li>lepienie, toczenie prostych form takich jak: kula,\n     wa\u0142eczek, placuszek, pr\u00f3by ich przekszta\u0142cania,<\/li><li>lepienie figurek przez scalanie prostych form,<\/li><li>wykrawanie foremkami, <\/li><li>odciskanie faktur, <\/li><li>krojenie plastikowym lub drewnianym no\u017cem, ci\u0119cie\n     plastikowymi no\u017cyczkami,<\/li><li>rze\u017abienie z jednej bry\u0142y przy u\u017cyciu d\u0142utek i\n     szpatu\u0142ek<\/li><li>tworzenie relief\u00f3w patyczkiem na wylepionej cienk\u0105\n     warstw\u0105 masy tekturce <\/li><li>oblepianie ,,stela\u017cy\u201d, np. s\u0142oiczk\u00f3w, pude\u0142ek, rolek\n     po papierze toaletowym itp.<\/li><\/ul>\n\n\n\n<figure class=\"wp-block-image size-large\"><img loading=\"lazy\" decoding=\"async\" width=\"1024\" height=\"683\" src=\"https:\/\/owi-pilicka.psoni.org.pl\/wp-content\/uploads\/2020\/04\/foremki1-2-1024x683.jpg\" alt=\"\" class=\"wp-image-675\" srcset=\"https:\/\/owi-pilicka.psoni.org.pl\/wp-content\/uploads\/2020\/04\/foremki1-2-1024x683.jpg 1024w, https:\/\/owi-pilicka.psoni.org.pl\/wp-content\/uploads\/2020\/04\/foremki1-2-300x200.jpg 300w, https:\/\/owi-pilicka.psoni.org.pl\/wp-content\/uploads\/2020\/04\/foremki1-2-768x512.jpg 768w, https:\/\/owi-pilicka.psoni.org.pl\/wp-content\/uploads\/2020\/04\/foremki1-2-1536x1025.jpg 1536w, https:\/\/owi-pilicka.psoni.org.pl\/wp-content\/uploads\/2020\/04\/foremki1-2-2048x1367.jpg 2048w, https:\/\/owi-pilicka.psoni.org.pl\/wp-content\/uploads\/2020\/04\/foremki1-2-360x240.jpg 360w\" sizes=\"auto, (max-width: 1024px) 100vw, 1024px\" \/><\/figure>\n\n\n\n<figure class=\"wp-block-image size-large\"><img loading=\"lazy\" decoding=\"async\" width=\"917\" height=\"1024\" src=\"https:\/\/owi-pilicka.psoni.org.pl\/wp-content\/uploads\/2020\/04\/foremki2-1-917x1024.jpg\" alt=\"\" class=\"wp-image-676\" srcset=\"https:\/\/owi-pilicka.psoni.org.pl\/wp-content\/uploads\/2020\/04\/foremki2-1-917x1024.jpg 917w, https:\/\/owi-pilicka.psoni.org.pl\/wp-content\/uploads\/2020\/04\/foremki2-1-269x300.jpg 269w, https:\/\/owi-pilicka.psoni.org.pl\/wp-content\/uploads\/2020\/04\/foremki2-1-768x857.jpg 768w, https:\/\/owi-pilicka.psoni.org.pl\/wp-content\/uploads\/2020\/04\/foremki2-1-1376x1536.jpg 1376w, https:\/\/owi-pilicka.psoni.org.pl\/wp-content\/uploads\/2020\/04\/foremki2-1-1834x2048.jpg 1834w\" sizes=\"auto, (max-width: 917px) 100vw, 917px\" \/><\/figure>\n\n\n\n<p>Dziecku, kt\u00f3re ma pierwsze do\u015bwiadczenia z mas\u0105 do\nlepienia, pozw\u00f3lmy poeksperymentowa\u0107, poklepa\u0107, pognie\u015b\u0107, porozrywa\u0107, poturla\u0107\nbry\u0142\u0119 po stole, porobi\u0107 w niej dziurki paluszkami&#8230;<\/p>\n\n\n\n<p>Podczas zabawy mo\u017cna recytowa\u0107 proste wierszyki. Ich\nrytm&nbsp; b\u0119dzie mobilizowa\u0142 d\u0142onie dzieci do\nregularnych ruch\u00f3w. Dodatkowo, opr\u00f3cz usprawniania r\u0105czek nasze pociechy b\u0119d\u0105\ndoskonali\u0107 mow\u0119, s\u0142uch i pami\u0119\u0107.<\/p>\n\n\n\n<p>Gdy rozrywamy ciastolin\u0119 lub mas\u0119 soln\u0105 na kawa\u0142ki\nlub kroimy j\u0105 plastikowym\/drewnianym no\u017cem mo\u017cemy m\u00f3wi\u0107: <\/p>\n\n\n\n<p>Ciastolina ciach, ciach, ciach, <\/p>\n\n\n\n<p>kawa\u0142eczki pach, pach, pach.<\/p>\n\n\n\n<p>Staramy si\u0119\n\u0142\u0105czy\u0107 rytm ruch\u00f3w r\u0105k z rytmem wypowiadanego wierszyka.<\/p>\n\n\n\n<p>Gdy wa\u0142kujemy kawa\u0142ek ciastoliny recytujemy: <\/p>\n\n\n\n<p>Wa\u0142kujemy w prz\u00f3d i w ty\u0142, \u017ceby wa\u0142ek cienki by\u0142. <\/p>\n\n\n\n<p>W prz\u00f3d i w ty\u0142, wprz\u00f3d i w ty\u0142. (ze zmianami\nM. Bogdanowicz)<\/p>\n\n\n\n<p>A mo\u017ce teraz wa\u0142eczek zwin\u0105\u0107 w spiralk\u0119 i ulepi\u0107 z niego \u015blimaka\nintonuj\u0105c jednocze\u015bnie wierszyk:<\/p>\n\n\n\n<p><em>\u015alimak, \u015blimak, wystaw rogi,<br>\nDam ci sera na pierogi.<br>\nJak nie sera, to kapusty,<br>\nOd kapusty b\u0119dziesz t\u0142usty. <\/em><\/p>\n\n\n\n<figure class=\"wp-block-image size-large\"><img loading=\"lazy\" decoding=\"async\" width=\"679\" height=\"1024\" src=\"https:\/\/owi-pilicka.psoni.org.pl\/wp-content\/uploads\/2020\/04\/fot1-679x1024.jpg\" alt=\"\" class=\"wp-image-677\" srcset=\"https:\/\/owi-pilicka.psoni.org.pl\/wp-content\/uploads\/2020\/04\/fot1-679x1024.jpg 679w, https:\/\/owi-pilicka.psoni.org.pl\/wp-content\/uploads\/2020\/04\/fot1-199x300.jpg 199w, https:\/\/owi-pilicka.psoni.org.pl\/wp-content\/uploads\/2020\/04\/fot1-768x1158.jpg 768w, https:\/\/owi-pilicka.psoni.org.pl\/wp-content\/uploads\/2020\/04\/fot1-1019x1536.jpg 1019w, https:\/\/owi-pilicka.psoni.org.pl\/wp-content\/uploads\/2020\/04\/fot1-1358x2048.jpg 1358w, https:\/\/owi-pilicka.psoni.org.pl\/wp-content\/uploads\/2020\/04\/fot1-scaled.jpg 1698w\" sizes=\"auto, (max-width: 679px) 100vw, 679px\" \/><\/figure>\n\n\n\n<figure class=\"wp-block-image size-large\"><img loading=\"lazy\" decoding=\"async\" width=\"1024\" height=\"701\" src=\"https:\/\/owi-pilicka.psoni.org.pl\/wp-content\/uploads\/2020\/04\/fot2-1024x701.jpg\" alt=\"\" class=\"wp-image-678\" srcset=\"https:\/\/owi-pilicka.psoni.org.pl\/wp-content\/uploads\/2020\/04\/fot2-1024x701.jpg 1024w, https:\/\/owi-pilicka.psoni.org.pl\/wp-content\/uploads\/2020\/04\/fot2-300x205.jpg 300w, https:\/\/owi-pilicka.psoni.org.pl\/wp-content\/uploads\/2020\/04\/fot2-768x526.jpg 768w, https:\/\/owi-pilicka.psoni.org.pl\/wp-content\/uploads\/2020\/04\/fot2-1536x1051.jpg 1536w, https:\/\/owi-pilicka.psoni.org.pl\/wp-content\/uploads\/2020\/04\/fot2-2048x1402.jpg 2048w\" sizes=\"auto, (max-width: 1024px) 100vw, 1024px\" \/><\/figure>\n\n\n\n<p>Chc\u0105c utoczy\u0107 kulk\u0119 z ciastoliny k\u0142adziemy swoj\u0105\nr\u0119k\u0119 na r\u0119ce dziecka i pomagamy mu kula\u0107 bry\u0142\u0119 ciastoliny po stole m\u00f3wi\u0105c: <\/p>\n\n\n\n<p>Tak\u0105 kul\u0119 ulepimy, taka kul\u0119 utoczymy, <\/p>\n\n\n\n<p>cha, cha,cha, cha, cha, cha, <\/p>\n\n\n\n<p>kula&#8230;(tu wstawiamy nazw\u0119 koloru, np. \u017c\u00f3\u0142ty) kolor ma. (ze zmianami M. Bogdanowicz)<\/p>\n\n\n\n<p>Teraz mo\u017cna rozgnie\u015b\u0107 kulk\u0119 na placek otwart\u0105\nd\u0142oni\u0105 i skandowa\u0107: <\/p>\n\n\n\n<p>Rozgniatamy pac, pac, pac, pacek, \n\nna cieniutki placek\n\n\n\n<\/p>\n\n\n\n<p>Mobilizuj\u0105c dziecko do separowania ruch\u00f3w palc\u00f3w\nnak\u0142aniamy je do robienia paluszkiem wskazuj\u0105cym dziurek w placuszku z\nciastoliny i m\u00f3wimy: <\/p>\n\n\n\n<p>Paluszek kap, kap, kap, <\/p>\n\n\n\n<p>robi dziurki tap, tap, tap. <\/p>\n\n\n\n<p>Je\u015bli nie mamy mo\u017cliwo\u015bci lub ochoty samemu wykona\u0107 mas\ndo lepienia, do powy\u017cszych aktywno\u015bci z powodzeniem mo\u017cna u\u017cy\u0107 zwyk\u0142ej\nciastoliny lub plasteliny.<\/p>\n\n\n\n<p>A tu zamieszczamy jeszcze par\u0119 inspiracji na wykorzystanie plasteliny dla nieco starszych dzieci:<\/p>\n\n\n\n<figure class=\"wp-block-table\"><table class=\"has-subtle-pale-blue-background-color has-background\"><tbody><tr><td>\n    \n    <strong>Stworki z dar\u00f3w natury<\/strong>\n    &nbsp;\n    \n    <\/td><\/tr><\/tbody><\/table><\/figure>\n\n\n\n<figure class=\"wp-block-image size-large\"><img loading=\"lazy\" decoding=\"async\" width=\"1024\" height=\"840\" src=\"https:\/\/owi-pilicka.psoni.org.pl\/wp-content\/uploads\/2020\/04\/fot3-1024x840.jpg\" alt=\"\" class=\"wp-image-679\" srcset=\"https:\/\/owi-pilicka.psoni.org.pl\/wp-content\/uploads\/2020\/04\/fot3-1024x840.jpg 1024w, https:\/\/owi-pilicka.psoni.org.pl\/wp-content\/uploads\/2020\/04\/fot3-300x246.jpg 300w, https:\/\/owi-pilicka.psoni.org.pl\/wp-content\/uploads\/2020\/04\/fot3-768x630.jpg 768w, https:\/\/owi-pilicka.psoni.org.pl\/wp-content\/uploads\/2020\/04\/fot3-1536x1260.jpg 1536w, https:\/\/owi-pilicka.psoni.org.pl\/wp-content\/uploads\/2020\/04\/fot3-2048x1680.jpg 2048w\" sizes=\"auto, (max-width: 1024px) 100vw, 1024px\" \/><\/figure>\n\n\n\n<figure class=\"wp-block-image size-large\"><img loading=\"lazy\" decoding=\"async\" width=\"1024\" height=\"768\" src=\"https:\/\/owi-pilicka.psoni.org.pl\/wp-content\/uploads\/2020\/04\/fot4-1024x768.jpg\" alt=\"\" class=\"wp-image-680\" srcset=\"https:\/\/owi-pilicka.psoni.org.pl\/wp-content\/uploads\/2020\/04\/fot4-1024x768.jpg 1024w, https:\/\/owi-pilicka.psoni.org.pl\/wp-content\/uploads\/2020\/04\/fot4-300x225.jpg 300w, https:\/\/owi-pilicka.psoni.org.pl\/wp-content\/uploads\/2020\/04\/fot4-768x576.jpg 768w, https:\/\/owi-pilicka.psoni.org.pl\/wp-content\/uploads\/2020\/04\/fot4-1536x1152.jpg 1536w, https:\/\/owi-pilicka.psoni.org.pl\/wp-content\/uploads\/2020\/04\/fot4-2048x1536.jpg 2048w\" sizes=\"auto, (max-width: 1024px) 100vw, 1024px\" \/><\/figure>\n\n\n\n<figure class=\"wp-block-table\"><table class=\"has-subtle-pale-pink-background-color has-background\"><tbody><tr><td>\n    \n    <strong>Stylowa bi\u017cuteria, zegarek i manicure \ud83d\ude42<\/strong>\n    &nbsp;\n    \n    <\/td><\/tr><\/tbody><\/table><\/figure>\n\n\n\n<figure class=\"wp-block-image size-large\"><img loading=\"lazy\" decoding=\"async\" width=\"1024\" height=\"782\" src=\"https:\/\/owi-pilicka.psoni.org.pl\/wp-content\/uploads\/2020\/04\/fot5-1024x782.jpg\" alt=\"\" class=\"wp-image-681\" srcset=\"https:\/\/owi-pilicka.psoni.org.pl\/wp-content\/uploads\/2020\/04\/fot5-1024x782.jpg 1024w, https:\/\/owi-pilicka.psoni.org.pl\/wp-content\/uploads\/2020\/04\/fot5-300x229.jpg 300w, https:\/\/owi-pilicka.psoni.org.pl\/wp-content\/uploads\/2020\/04\/fot5-768x587.jpg 768w, https:\/\/owi-pilicka.psoni.org.pl\/wp-content\/uploads\/2020\/04\/fot5-1536x1173.jpg 1536w, https:\/\/owi-pilicka.psoni.org.pl\/wp-content\/uploads\/2020\/04\/fot5-2048x1564.jpg 2048w\" sizes=\"auto, (max-width: 1024px) 100vw, 1024px\" \/><\/figure>\n\n\n\n<figure class=\"wp-block-table\"><table class=\"has-subtle-pale-pink-background-color has-background\"><tbody><tr><td>\n    \n    <strong>Kto zbuduje wy\u017csz\u0105 wie\u017c\u0119?<\/strong>\n    &nbsp;\n    \n    <\/td><\/tr><\/tbody><\/table><\/figure>\n\n\n\n<figure class=\"wp-block-image size-large\"><img loading=\"lazy\" decoding=\"async\" width=\"1024\" height=\"999\" src=\"https:\/\/owi-pilicka.psoni.org.pl\/wp-content\/uploads\/2020\/04\/fot6-1024x999.jpg\" alt=\"\" class=\"wp-image-682\" srcset=\"https:\/\/owi-pilicka.psoni.org.pl\/wp-content\/uploads\/2020\/04\/fot6-1024x999.jpg 1024w, https:\/\/owi-pilicka.psoni.org.pl\/wp-content\/uploads\/2020\/04\/fot6-300x293.jpg 300w, https:\/\/owi-pilicka.psoni.org.pl\/wp-content\/uploads\/2020\/04\/fot6-768x749.jpg 768w, https:\/\/owi-pilicka.psoni.org.pl\/wp-content\/uploads\/2020\/04\/fot6-1536x1498.jpg 1536w, https:\/\/owi-pilicka.psoni.org.pl\/wp-content\/uploads\/2020\/04\/fot6-2048x1997.jpg 2048w\" sizes=\"auto, (max-width: 1024px) 100vw, 1024px\" \/><\/figure>\n\n\n\n<figure class=\"wp-block-table\"><table class=\"has-subtle-pale-green-background-color has-background\"><tbody><tr><td>\n    \n    <strong>A mo\u017ce pogramy w kapsle? <\/strong>\n    &nbsp;\n    \n    <\/td><\/tr><\/tbody><\/table><\/figure>\n\n\n\n<p>(niech dzieci zapytaj\u0105 dziadk\u00f3w, co to za gra&#8230;)<\/p>\n\n\n\n<p>Mo\u017cna pstryka\u0107 po torze narysowanym kred\u0105 na chodniku,\nale mo\u017cna te\u017c \u015bciga\u0107 si\u0119 w domu.<\/p>\n\n\n\n<figure class=\"wp-block-image size-large\"><img loading=\"lazy\" decoding=\"async\" width=\"1024\" height=\"677\" src=\"https:\/\/owi-pilicka.psoni.org.pl\/wp-content\/uploads\/2020\/04\/fot7-1024x677.jpg\" alt=\"\" class=\"wp-image-683\" srcset=\"https:\/\/owi-pilicka.psoni.org.pl\/wp-content\/uploads\/2020\/04\/fot7-1024x677.jpg 1024w, https:\/\/owi-pilicka.psoni.org.pl\/wp-content\/uploads\/2020\/04\/fot7-300x198.jpg 300w, https:\/\/owi-pilicka.psoni.org.pl\/wp-content\/uploads\/2020\/04\/fot7-768x508.jpg 768w, https:\/\/owi-pilicka.psoni.org.pl\/wp-content\/uploads\/2020\/04\/fot7-1536x1015.jpg 1536w, https:\/\/owi-pilicka.psoni.org.pl\/wp-content\/uploads\/2020\/04\/fot7-2048x1354.jpg 2048w\" sizes=\"auto, (max-width: 1024px) 100vw, 1024px\" \/><\/figure>\n\n\n\n<figure class=\"wp-block-image size-large\"><img loading=\"lazy\" decoding=\"async\" width=\"1024\" height=\"768\" src=\"https:\/\/owi-pilicka.psoni.org.pl\/wp-content\/uploads\/2020\/04\/fot8-1024x768.jpg\" alt=\"\" class=\"wp-image-684\" srcset=\"https:\/\/owi-pilicka.psoni.org.pl\/wp-content\/uploads\/2020\/04\/fot8-1024x768.jpg 1024w, https:\/\/owi-pilicka.psoni.org.pl\/wp-content\/uploads\/2020\/04\/fot8-300x225.jpg 300w, https:\/\/owi-pilicka.psoni.org.pl\/wp-content\/uploads\/2020\/04\/fot8-768x576.jpg 768w, https:\/\/owi-pilicka.psoni.org.pl\/wp-content\/uploads\/2020\/04\/fot8-1536x1152.jpg 1536w, https:\/\/owi-pilicka.psoni.org.pl\/wp-content\/uploads\/2020\/04\/fot8-2048x1536.jpg 2048w\" sizes=\"auto, (max-width: 1024px) 100vw, 1024px\" \/><\/figure>\n\n\n\n<p>Po wi\u0119cej pomys\u0142\u00f3w mo\u017cna jeszcze zajrze\u0107 tutaj:<\/p>\n\n\n\n<figure class=\"wp-block-embed-wordpress wp-block-embed is-type-wp-embed is-provider-mamarak\"><div class=\"wp-block-embed__wrapper\">\n<blockquote class=\"wp-embedded-content\" data-secret=\"D387o4vB2S\"><a href=\"http:\/\/mamarak.pl\/2017\/05\/prace-plastyczne-z-plasteliny\/\">7 pomys\u0142\u00f3w na zabaw\u0119 i prace plastyczne z plasteliny<\/a><\/blockquote><iframe loading=\"lazy\" title=\"&#8222;7 pomys\u0142\u00f3w na zabaw\u0119 i prace plastyczne z plasteliny&#8221; &#8212; Mamarak\" class=\"wp-embedded-content\" sandbox=\"allow-scripts\" security=\"restricted\" style=\"position: absolute; clip: rect(1px, 1px, 1px, 1px);\" src=\"http:\/\/mamarak.pl\/2017\/05\/prace-plastyczne-z-plasteliny\/embed\/#?secret=D387o4vB2S\" data-secret=\"D387o4vB2S\" width=\"600\" height=\"338\" frameborder=\"0\" marginwidth=\"0\" marginheight=\"0\" scrolling=\"no\"><\/iframe>\n<\/div><\/figure>\n\n\n\n<p>\u017byczymy udanej zabawy!<\/p>\n\n\n\n<p class=\"has-text-align-center\">\u058d&nbsp; \u058d&nbsp; \u058d&nbsp; \u058d&nbsp; \u058d<\/p>\n\n\n\n<p class=\"has-text-align-right\"> 30.03.2020r <\/p>\n\n\n\n<p><strong>kilka zabaw na&nbsp;usprawnianie r\u0105czek:<\/strong><\/p>\n\n\n\n<p><em>Tablica manipulacyjna<\/em><\/p>\n\n\n\n<p>Do&nbsp;deski\/sklejki przytwierdzamy przedmioty dost\u0119pne w domu, kt\u00f3re\numo\u017cliwi\u0105 dziecku manipulacj\u0119. Mo\u017ce to&nbsp;by\u0107&nbsp; np.&nbsp;tunel\nz&nbsp;rolek po&nbsp;papierze, do&nbsp;kt\u00f3rego&nbsp;wrzuca si\u0119 pi\u0142eczk\u0119,\nszczotka z&nbsp;szorstkim w\u0142osem, kawa\u0142ek mi\u0119kkiego materia\u0142u, folia b\u0105belkowa,\n\u015bwiec\u0105cy przedmiot uruchamiany przyciskiem, kawa\u0142ek szeleszcz\u0105cego materia\u0142u\n(np.&nbsp;koca termicznego), zamek b\u0142yskawiczny, pojemnik z&nbsp;nakr\u0119tk\u0105,\ndzwonek\/tr\u0105bka do&nbsp;roweru, pokrywka do&nbsp;garnka z&nbsp;drewnian\u0105 \u0142y\u017ck\u0105,\nko\u0142eczki, na&nbsp;kt\u00f3re naci\u0105ga si\u0119 gumki recepturki.<\/p>\n\n\n\n<p><em>Tablica \u017celowa<\/em><\/p>\n\n\n\n<p>Do&nbsp;woreczka strunowego wype\u0142nionego \u017celem do&nbsp;w\u0142os\u00f3w wrzucamy\ndrobne elementy, np.&nbsp;cekiny, pompony koraliki. Dziecko pr\u00f3buje\nza&nbsp;pomoc\u0105 d\u0142oni, palc\u00f3w lub wybranego jednego palca przepycha\u0107 te\nelementy.<\/p>\n\n\n\n<p><em>Zabawa piank\u0105 do&nbsp;golenia na&nbsp;tacy<\/em><\/p>\n\n\n\n<p> Rysujemy palcem, ca\u0142\u0105 d\u0142oni\u0105, p\u0119dzlem, widelcem na tacy wype\u0142nionej cienk\u0105 warstw\u0105 pianki do&nbsp;golenia.&nbsp; Mo\u017cemy obrysowywa\u0107 szablony, odbija\u0107 \u015blady r\u0105k, pr\u00f3bowa\u0107 odciska\u0107 przedmioty. <\/p>\n\n\n\n<figure class=\"wp-block-image size-large is-resized\"><img loading=\"lazy\" decoding=\"async\" src=\"https:\/\/owi-pilicka.psoni.org.pl\/wp-content\/uploads\/2020\/04\/pianka.jpg\" alt=\"\" class=\"wp-image-451\" width=\"489\" height=\"366\" srcset=\"https:\/\/owi-pilicka.psoni.org.pl\/wp-content\/uploads\/2020\/04\/pianka.jpg 719w, https:\/\/owi-pilicka.psoni.org.pl\/wp-content\/uploads\/2020\/04\/pianka-300x225.jpg 300w\" sizes=\"auto, (max-width: 489px) 100vw, 489px\" \/><\/figure>\n","protected":false},"excerpt":{"rendered":"<p>27.04.2020 Ugniatamy i lepimy &#8211; dobrze si\u0119 bawimy, paluszkami pracujemy i r\u0105czki \u0107wiczymy&#8230; Zabawa ciastolin\u0105, mas\u0105 soln\u0105, czy plastelin\u0105 jest doskona\u0142ym treningiem dla ma\u0142ych r\u0105czek. Dziecko lepi\u0105c i ugniataj\u0105c r\u00f3\u017cne masy wzmacnia i uelastycznia mi\u0119\u015bnie oraz stawy d\u0142oni i palc\u00f3w, uczy si\u0119 dostosowywa\u0107 ich si\u0142\u0119 do oporu, jakie stwarza tworzywo. [&hellip;]<\/p>\n","protected":false},"author":2,"featured_media":0,"parent":0,"menu_order":0,"comment_status":"closed","ping_status":"closed","template":"","meta":{"footnotes":""},"class_list":["post-397","page","type-page","status-publish","hentry"],"_links":{"self":[{"href":"https:\/\/owi-pilicka.psoni.org.pl\/index.php?rest_route=\/wp\/v2\/pages\/397","targetHints":{"allow":["GET"]}}],"collection":[{"href":"https:\/\/owi-pilicka.psoni.org.pl\/index.php?rest_route=\/wp\/v2\/pages"}],"about":[{"href":"https:\/\/owi-pilicka.psoni.org.pl\/index.php?rest_route=\/wp\/v2\/types\/page"}],"author":[{"embeddable":true,"href":"https:\/\/owi-pilicka.psoni.org.pl\/index.php?rest_route=\/wp\/v2\/users\/2"}],"replies":[{"embeddable":true,"href":"https:\/\/owi-pilicka.psoni.org.pl\/index.php?rest_route=%2Fwp%2Fv2%2Fcomments&post=397"}],"version-history":[{"count":5,"href":"https:\/\/owi-pilicka.psoni.org.pl\/index.php?rest_route=\/wp\/v2\/pages\/397\/revisions"}],"predecessor-version":[{"id":692,"href":"https:\/\/owi-pilicka.psoni.org.pl\/index.php?rest_route=\/wp\/v2\/pages\/397\/revisions\/692"}],"wp:attachment":[{"href":"https:\/\/owi-pilicka.psoni.org.pl\/index.php?rest_route=%2Fwp%2Fv2%2Fmedia&parent=397"}],"curies":[{"name":"wp","href":"https:\/\/api.w.org\/{rel}","templated":true}]}}