{"id":400,"date":"2020-04-02T16:15:03","date_gmt":"2020-04-02T14:15:03","guid":{"rendered":"https:\/\/owi-pilicka.psoni.org.pl\/?page_id=400"},"modified":"2020-05-04T16:54:16","modified_gmt":"2020-05-04T14:54:16","slug":"u-logopedy","status":"publish","type":"page","link":"https:\/\/owi-pilicka.psoni.org.pl\/?page_id=400","title":{"rendered":"U logopedy"},"content":{"rendered":"\n<p class=\"has-text-align-right\">4.05.2020<\/p>\n\n\n\n<p class=\"has-text-align-center\"><strong>Bajki opowiadamy i buzi\u0119 usprawniamy!<\/strong><\/p>\n\n\n\n<p>\u00a0\u00a0\u00a0\u00a0 Narz\u0105dy mowy mo\u017cemy \u0107wiczy\u0107 podczas opowiadania kr\u00f3tkiej historyjki, bajeczki z prost\u0105 fabu\u0142\u0105. Dziecko po us\u0142yszeniu fragmentu tekstu na\u015bladuje ruchy warg i j\u0119zyka. Pocz\u0105tkowo pokazujemy dziecku, jak powinno u\u0142o\u017cy\u0107 narz\u0105dy mowy i jakie\u00a0 ruchy ma wykona\u0107. Zach\u0119camy\u00a0 maluszka do na\u015bladowania tych ruch\u00f3w (pocz\u0105tkowo nale\u017cy\u00a0 to robi\u0107 przed lustrem). <\/p>\n\n\n\n<p>Mamy nadziej\u0119, \u017ce spodoba si\u0119 dzieciom bajka o myszce:<\/p>\n\n\n\n<p class=\"has-text-align-center\"><strong>Ma\u0142a Mysia<\/strong>\u00a0 <\/p>\n\n\n\n<p>Wczesnym rankiem ma\u0142a myszka Mysia wysz\u0142a ze swojej norki na poszukiwanie przyg\u00f3d <strong><em>(j\u0119zyk wysuwamy daleko do przodu)<\/em><\/strong>. Rozgl\u0105da si\u0119 ciekawie dooko\u0142a  <strong><em>(j\u0119zyk oblizuje szeroko otwarte usta)<\/em><\/strong>. Zastanawia si\u0119, w kt\u00f3r\u0105 stron\u0119 i\u015b\u0107 na  spacer: w lewo <strong><em>( j\u0119zyk dotyka do lewego k\u0105cika warg) <\/em><\/strong>czy w prawo <strong><em>(j\u0119zyk<\/em><\/strong>  <strong><em>dotyka do prawego k\u0105cika warg). <\/em><\/strong>Posz\u0142a w lewo i wesz\u0142a do du\u017cego lasu.  Rozgl\u0105da si\u0119 <strong><em>(oblizujemy wargi)<\/em><\/strong>, patrzy do g\u00f3ry na rosn\u0105ce na drzewach szyszki  Rozgl\u0105da si\u0119 <strong><em>(oblizujemy wargi)<\/em><\/strong>, patrzy do g\u00f3ry na rosn\u0105ce na drzewach szyszki  <strong><em>(j\u0119zyk dotyka do g\u00f3rnej wargi) <\/em><\/strong>i w d\u00f3\u0142 na mi\u0119ciutki mech <strong><em>(j\u0119zyk wysuni\u0119ty na<\/em><\/strong>  <strong><em>brod\u0119). <\/em><\/strong>W oddali s\u0142ycha\u0107 odg\u0142osy le\u015bnych ptak\u00f3w. Ma\u0142a myszka pr\u00f3buje je  na\u015bladowa\u0107: <\/p>\n\n\n\n<p>&#8211; <strong><em>kuku, kuku, kuku <\/em><\/strong>\u2013 tak kuka kuku\u0142ka<\/p>\n\n\n\n<p>&#8211; <strong><em>huuhuu, huuhuu, huuhuu <\/em><\/strong>\u2013 teraz s\u0142ycha\u0107 sow\u0119<\/p>\n\n\n\n<p>&#8211; <strong><em>puk, puk, puk <\/em><\/strong>\u2013 to dzi\u0119cio\u0142 stukaj\u0105cy w drzewa.<\/p>\n\n\n\n<p>Po kr\u00f3tkiej w\u0119dr\u00f3wce Mysia dosz\u0142a na polank\u0119. Poczu\u0142a si\u0119 zm\u0119czona i g\u0142odna.  Wyj\u0119\u0142a z torby \u015bniadanie i zacz\u0119\u0142a je je\u015b\u0107 <strong><em>(na\u015bladujemy ruchy \u017cucia)<\/em><\/strong>. Po  jedzeniu myszka oblizuje w\u0105siki <strong><em>(j\u0119zyk oblizuje g\u00f3rn\u0105 warg\u0119) <\/em><\/strong>oraz z\u0105bki <strong><em>(j\u0119zyk<\/em><\/strong>  <strong><em>oblizuje g\u00f3rne i dolne z\u0119by)<\/em><\/strong>. Zrobi\u0142o si\u0119 p\u00f3\u017ano i Mysia postanowi\u0142a wr\u00f3ci\u0107 do domu. A tam czeka\u0142a na ni\u0105 niespodzianka.  Przyszli do niej go\u015bcie:  <\/p>\n\n\n\n<p>&#8211; kurka <strong><em>(ko, ko, ko, ko)<\/em><\/strong>, <\/p>\n\n\n\n<p>-\u017cabka <strong><em>(kum, kum, kum, kum)<\/em><\/strong><\/p>\n\n\n\n<p> i kaczuszka <strong><em>(kwa, kwa, kwa, kwa)<\/em><\/strong>.<\/p>\n\n\n\n<p>Mysia przywita\u0142a ich serdecznie <strong><em>(cmokaj\u0105c, ca\u0142ujemy palce obu r\u0105k).<\/em><\/strong> Pocz\u0119stowa\u0142a ich herbat\u0105, ale picie by\u0142o gor\u0105ce. Go\u015bcie musieli mocno dmucha\u0107,  aby je ostudzi\u0107 <strong><em>(dmuchamy kilka razy: wdech nosem \u2013 wydech buzi\u0105). <\/em><\/strong>Gdy  nasta\u0142 wiecz\u00f3r, go\u015bcie po\u017cegnali si\u0119 z Mysi\u0105 <strong><em>(cmokaj\u0105c, ca\u0142ujemy palce obu<\/em><\/strong>  <strong><em>r\u0105k). <\/em><\/strong>Myszka posz\u0142a do \u0142azienki, aby si\u0119 umy\u0107. Umy\u0142a z\u0119by <strong><em>(j\u0119zyk oblizuje<\/em><\/strong>  <strong><em>g\u00f3rne i dolne z\u0119by) <\/em><\/strong>i wyp\u0142uka\u0142a buzi\u0119 <strong><em>(nabieramy do ust powietrza i poruszamy<\/em><\/strong>  <strong><em>policzkami). <\/em><\/strong>Potem ubra\u0142a pi\u017camk\u0119 i posz\u0142a spa\u0107 <strong><em>(chrapanie).<\/em><\/strong> <\/p>\n\n\n\n<p>Dobranoc Mysiu!<\/p>\n\n\n\n<p>Zabawy aparatu mowy mo\u017cemy po\u0142\u0105czy\u0107 z rysowaniem myszki:<\/p>\n\n\n\n<figure class=\"wp-block-image size-large is-resized\"><img loading=\"lazy\" decoding=\"async\" src=\"https:\/\/owi-pilicka.psoni.org.pl\/wp-content\/uploads\/2020\/05\/myszki.png\" alt=\"\" class=\"wp-image-697\" width=\"481\" height=\"171\" srcset=\"https:\/\/owi-pilicka.psoni.org.pl\/wp-content\/uploads\/2020\/05\/myszki.png 404w, https:\/\/owi-pilicka.psoni.org.pl\/wp-content\/uploads\/2020\/05\/myszki-300x107.png 300w\" sizes=\"auto, (max-width: 481px) 100vw, 481px\" \/><\/figure>\n\n\n\n<p>(ze zmianami za: W. Szuman (1999) <em>Rysowane wierszyki<\/em>, Warszawa: WSiP. <\/p>\n\n\n\n<figure class=\"wp-block-embed-youtube wp-block-embed is-type-video is-provider-youtube wp-embed-aspect-16-9 wp-has-aspect-ratio\"><div class=\"wp-block-embed__wrapper\">\n<iframe loading=\"lazy\" title=\"Myszka - RYSOWANE WIERSZYKI\" width=\"750\" height=\"422\" src=\"https:\/\/www.youtube.com\/embed\/BVYWV7W8fsM?feature=oembed\" frameborder=\"0\" allow=\"accelerometer; autoplay; encrypted-media; gyroscope; picture-in-picture\" allowfullscreen><\/iframe>\n<\/div><\/figure>\n\n\n\n<p>Pomys\u0142\u00f3w do\u00a0 innych zabaw logopedycznych usprawniaj\u0105cych aparat mowy mo\u017cna szuka\u0107 w ksi\u0105\u017ckach:<\/p>\n\n\n\n<p>Anna To\u0144ska-Mrowiec \u201e J\u0119zyczkowe przygody i inne bajeczki logopedyczne\u2019\u2019<\/p>\n\n\n\n<p>Iwona Rutkowska-B\u0142achnio \u201e Gimnastyka buzi na weso\u0142o\u2019\u2019 <\/p>\n\n\n\n<p>Zach\u0119camy\u00a0 r\u00f3wnie\u017c do tworzenia (w zale\u017cno\u015bci od mo\u017cliwo\u015bci dziecka) w\u0142asnych kr\u00f3tkich lub d\u0142u\u017cszych\u00a0 historyjek. Bawi\u0105c si\u0119 z ma\u0142ymi dzie\u0107mi, kt\u00f3re nie m\u00f3wi\u0105, wprowadzajmy do opowiada\u0144 elementy stymuluj\u0105ce do na\u015bladowania r\u00f3\u017cnych\u00a0 odg\u0142os\u00f3w\u00a0 z otoczenia (odg\u0142osy wydawane przez ludzi, zwierz\u0119ta, pojazdy\u00a0 itp.).<\/p>\n\n\n\n<p class=\"has-text-align-center\">\u058d\u00a0 \u058d\u00a0 \u058d\u00a0 \u058d\u00a0 \u058d<\/p>\n\n\n\n<p class=\"has-text-align-right\">27.04.2020<\/p>\n\n\n\n<p>\n\n\n\n\n\n\n\n\n\n\n\n\n\n\n\n\n\nPoznajmy <strong>WIERSZYKI \u0106WICZ\u0104CE J\u0118ZYKI<br>\n<\/strong><br>\nWsp\u00f3lne czytanie oznacza\u0107 mo\u017ce cenn\u0105 aktywno\u015b\u0107 dla dzieci i rodzic\u00f3w. Ju\u017c\nnajm\u0142odsze dzieci s\u0105 bardzo wra\u017cliwe na rytm i melodi\u0119 j\u0119zyka.<br>\nWierszyki, wyliczanki, zabawy paluszkowe przyczyniaj\u0105 si\u0119 znacz\u0105co do rozwoju\nmowy dziecka.<br>\nPolecamy ksi\u0105\u017ck\u0119\n\n\n\n<\/p>\n\n\n\n<figure class=\"wp-block-image size-large\"><img loading=\"lazy\" decoding=\"async\" width=\"768\" height=\"1024\" src=\"https:\/\/owi-pilicka.psoni.org.pl\/wp-content\/uploads\/2020\/04\/fot9-768x1024.jpg\" alt=\"\" class=\"wp-image-686\" srcset=\"https:\/\/owi-pilicka.psoni.org.pl\/wp-content\/uploads\/2020\/04\/fot9-768x1024.jpg 768w, https:\/\/owi-pilicka.psoni.org.pl\/wp-content\/uploads\/2020\/04\/fot9-225x300.jpg 225w, https:\/\/owi-pilicka.psoni.org.pl\/wp-content\/uploads\/2020\/04\/fot9-1152x1536.jpg 1152w, https:\/\/owi-pilicka.psoni.org.pl\/wp-content\/uploads\/2020\/04\/fot9.jpg 1200w\" sizes=\"auto, (max-width: 768px) 100vw, 768px\" \/><\/figure>\n\n\n\n<p> To zbi\u00f3r zabawnych wierszyk\u00f3w, rozwijaj\u0105cych sprawno\u015b\u0107 artykulacyjn\u0105, przedstawionych w atrakcyjny, ciekawy dla dziecka spos\u00f3b. Oto kilka przyk\u0142ad\u00f3w:<br><br><\/p>\n\n\n\n<figure class=\"wp-block-image size-large\"><img loading=\"lazy\" decoding=\"async\" width=\"1024\" height=\"768\" src=\"https:\/\/owi-pilicka.psoni.org.pl\/wp-content\/uploads\/2020\/04\/fot10-1024x768.jpg\" alt=\"\" class=\"wp-image-687\" srcset=\"https:\/\/owi-pilicka.psoni.org.pl\/wp-content\/uploads\/2020\/04\/fot10-1024x768.jpg 1024w, https:\/\/owi-pilicka.psoni.org.pl\/wp-content\/uploads\/2020\/04\/fot10-300x225.jpg 300w, https:\/\/owi-pilicka.psoni.org.pl\/wp-content\/uploads\/2020\/04\/fot10-768x576.jpg 768w, https:\/\/owi-pilicka.psoni.org.pl\/wp-content\/uploads\/2020\/04\/fot10-1536x1152.jpg 1536w, https:\/\/owi-pilicka.psoni.org.pl\/wp-content\/uploads\/2020\/04\/fot10.jpg 1600w\" sizes=\"auto, (max-width: 1024px) 100vw, 1024px\" \/><\/figure>\n\n\n\n<figure class=\"wp-block-image size-large\"><img loading=\"lazy\" decoding=\"async\" width=\"1024\" height=\"768\" src=\"https:\/\/owi-pilicka.psoni.org.pl\/wp-content\/uploads\/2020\/04\/fot11-1024x768.jpg\" alt=\"\" class=\"wp-image-688\" srcset=\"https:\/\/owi-pilicka.psoni.org.pl\/wp-content\/uploads\/2020\/04\/fot11-1024x768.jpg 1024w, https:\/\/owi-pilicka.psoni.org.pl\/wp-content\/uploads\/2020\/04\/fot11-300x225.jpg 300w, https:\/\/owi-pilicka.psoni.org.pl\/wp-content\/uploads\/2020\/04\/fot11-768x576.jpg 768w, https:\/\/owi-pilicka.psoni.org.pl\/wp-content\/uploads\/2020\/04\/fot11-1536x1152.jpg 1536w, https:\/\/owi-pilicka.psoni.org.pl\/wp-content\/uploads\/2020\/04\/fot11.jpg 1600w\" sizes=\"auto, (max-width: 1024px) 100vw, 1024px\" \/><\/figure>\n\n\n\n<figure class=\"wp-block-image size-large\"><img loading=\"lazy\" decoding=\"async\" width=\"1024\" height=\"768\" src=\"https:\/\/owi-pilicka.psoni.org.pl\/wp-content\/uploads\/2020\/04\/fot12-1024x768.jpg\" alt=\"\" class=\"wp-image-689\" srcset=\"https:\/\/owi-pilicka.psoni.org.pl\/wp-content\/uploads\/2020\/04\/fot12-1024x768.jpg 1024w, https:\/\/owi-pilicka.psoni.org.pl\/wp-content\/uploads\/2020\/04\/fot12-300x225.jpg 300w, https:\/\/owi-pilicka.psoni.org.pl\/wp-content\/uploads\/2020\/04\/fot12-768x576.jpg 768w, https:\/\/owi-pilicka.psoni.org.pl\/wp-content\/uploads\/2020\/04\/fot12-1536x1152.jpg 1536w, https:\/\/owi-pilicka.psoni.org.pl\/wp-content\/uploads\/2020\/04\/fot12.jpg 1600w\" sizes=\"auto, (max-width: 1024px) 100vw, 1024px\" \/><\/figure>\n\n\n\n<p class=\"has-text-align-center\">\u058d&nbsp; \u058d&nbsp; \u058d&nbsp; \u058d&nbsp; \u058d<\/p>\n\n\n\n<p class=\"has-text-align-right\">24.04.2020r<\/p>\n\n\n\n<p class=\"has-text-align-center\"><strong>Buzi\u0119 \u0107wiczymy, lepiej m\u00f3wimy !<\/strong><\/p>\n\n\n\n<p> Gimnastyk\u0119 aparatu mowy rozpoczynamy od \u0107wicze\u0144 najprostszych dla dziecka stopniowo zwi\u0119kszaj\u0105c ich trudno\u015b\u0107. Niekt\u00f3re zadania wymagaj\u0105 wi\u0119kszej sprawno\u015bci. Je\u015bli dziecko nie podejmuje si\u0119 ich wykonywania, pozw\u00f3lmy mu obserwowa\u0107 nasz\u0105 buzi\u0119 \u2013 mo\u017ce z czasem b\u0119dzie chcia\u0142o i pr\u00f3bowa\u0142o nas na\u015bladowa\u0107 <\/p>\n\n\n\n<p>Na pocz\u0105tku do \u0107wicze\u0144 mo\u017cemy wykorzysta\u0107 naturalne, codzienne sytuacje:<\/p>\n\n\n\n<ul class=\"wp-block-list\"><li>Cmokajmy podczas przesy\u0142ania ca\u0142usk\u00f3w.<\/li><li>Posmarujmy dziecku wargi miodem, kremem\nczekoladowym lub mlekiem w proszku (uwaga na alergeny)<br>\ni popro\u015bmy, aby zliza\u0142o je dok\u0142adnie jak mi\u015b czy kotek.<\/li><li>Po posi\u0142ku pozw\u00f3lmy dziecku wyliza\u0107\ntalerz lub \u0142y\u017ceczk\u0119 j\u0119zykiem jak kotek. To \u0107wiczenie jest mniej eleganckie, za\nto bardzo skutecznie gimnastykuje j\u0119zyk.<\/li><li>Kiedy dziecko ziewa wykorzystajmy to,\nna\u015bladuj\u0105c t\u0119 czynno\u015b\u0107 oraz zas\u0142aniaj\u0105c w\u0142asne usta. Mo\u017cemy to powtarza\u0107 z\nkomentarzem \u201eAle ziewamy!\u201d- dziecko samo spontanicznie w\u0142\u0105cza si\u0119 w tak\u0105\naktywno\u015b\u0107.<\/li><li>Zach\u0119cajmy dziecko do dmuchania na\ntalerz lub \u0142y\u017ck\u0119 z ciep\u0142\u0105 zup\u0105, kasz\u0105 lub na inne potrawy.<\/li><\/ul>\n\n\n\n<div class=\"wp-block-image\"><figure class=\"aligncenter size-large is-resized\"><img loading=\"lazy\" decoding=\"async\" src=\"https:\/\/owi-pilicka.psoni.org.pl\/wp-content\/uploads\/2020\/04\/talerz.jpg\" alt=\"\" class=\"wp-image-652\" width=\"220\" height=\"189\"\/><\/figure><\/div>\n\n\n\n<p class=\"has-text-align-right\">  <\/p>\n\n\n\n<ul class=\"wp-block-list\"><li>Bawmy si\u0119 w dmuchanie na p\u0142ywaj\u0105ce w\nwannie lub miseczce lekkie przedmioty.<\/li><li>Na\u015bladujmy chuchanie na zmarzni\u0119te\nd\u0142onie.<\/li><\/ul>\n\n\n\n<p>Gryzienie i \u017cucie pokarm\u00f3w, a nawet wystawianie j\u0119zyka to te\u017c \u0107wiczenia aparatu artykulacyjnego! <\/p>\n\n\n\n<p class=\"has-text-align-center\"> \u058d&nbsp; \u058d&nbsp; \u058d&nbsp; \u058d&nbsp; \u058d <\/p>\n\n\n\n<p class=\"has-text-align-right\">16.04.2020<\/p>\n\n\n\n<figure class=\"wp-block-image size-large is-resized\"><img loading=\"lazy\" decoding=\"async\" src=\"https:\/\/owi-pilicka.psoni.org.pl\/wp-content\/uploads\/2020\/04\/logop-723x1024.png\" alt=\"\" class=\"wp-image-582\" width=\"698\" height=\"988\" srcset=\"https:\/\/owi-pilicka.psoni.org.pl\/wp-content\/uploads\/2020\/04\/logop-723x1024.png 723w, https:\/\/owi-pilicka.psoni.org.pl\/wp-content\/uploads\/2020\/04\/logop-212x300.png 212w, https:\/\/owi-pilicka.psoni.org.pl\/wp-content\/uploads\/2020\/04\/logop-768x1087.png 768w, https:\/\/owi-pilicka.psoni.org.pl\/wp-content\/uploads\/2020\/04\/logop-1085x1536.png 1085w, https:\/\/owi-pilicka.psoni.org.pl\/wp-content\/uploads\/2020\/04\/logop.png 1275w\" sizes=\"auto, (max-width: 698px) 100vw, 698px\" \/><\/figure>\n\n\n\n<p>Opracowa\u0142a Aleksandra Kmita<\/p>\n\n\n\n<p class=\"has-text-align-center\">\u058d&nbsp; \u058d&nbsp; \u058d&nbsp; \u058d&nbsp; \u058d<\/p>\n\n\n\n<p class=\"has-text-align-right\"> 30.03.2020r <\/p>\n\n\n\n<p class=\"has-text-align-center\"><strong>Gdy dmuchamy, mow\u0119 usprawniamy!<\/strong><\/p>\n\n\n\n<p>Do rozwijania prawid\u0142owego oddychania, mo\u017cemy wykorzystywa\u0107 dmuchanie na:<\/p>\n\n\n\n<ul class=\"wp-block-list\"><li>ba\u0144ki mydlane,<\/li><li>wiatraczki,<\/li><li>strz\u0119pki wacik\u00f3w,\npapierk\u00f3w (mo\u017cemy na nie te\u017c dmucha\u0107 przez s\u0142omk\u0119),<\/li><li>listki, pi\u00f3rka,<\/li><li>fleciki, gwizdki<\/li><li>ma\u0142e pi\u0142eczki, papierowe\nkulki itp.<\/li><\/ul>\n\n\n\n<figure class=\"wp-block-image size-large is-resized\"><img loading=\"lazy\" decoding=\"async\" src=\"https:\/\/owi-pilicka.psoni.org.pl\/wp-content\/uploads\/2020\/04\/wiatraki.jpg\" alt=\"\" class=\"wp-image-653\" width=\"285\" height=\"214\"\/><\/figure>\n\n\n\n<p>Kulki lub\npi\u0142eczki mo\u017cemy wykorzysta\u0107 r\u00f3wnie\u017c do nast\u0119puj\u0105cej zabawy:<\/p>\n\n\n\n<p>Budujemy bramk\u0119\n(np. z trzech pude\u0142ek lub du\u017cych klock\u00f3w), dziecko zgniata z papieru ma\u0142\u0105,\nlekk\u0105 kulk\u0119 i \u201cstrzela gole\u201d, czyli dmucha w \u201epi\u0142k\u0119\u201d tak, \u017ceby wpada\u0142a do\nbramki. Bramka powinna znajdowa\u0107 si\u0119 w odleg\u0142o\u015bci oko\u0142o 30 \u2013 40 cm od kulki.<\/p>\n\n\n\n<p>Do zabaw mo\u017cemy wykorzysta\u0107 samodzielnie przygotowane dmuchajki. Do np. rurki lub patyczka przywi\u0105zujemy na nitkach lekkie przedmioty i dmuchamy na nie z r\u00f3\u017cnej odleg\u0142o\u015bci.<\/p>\n\n\n\n<figure class=\"wp-block-image size-large is-resized\"><img loading=\"lazy\" decoding=\"async\" src=\"https:\/\/owi-pilicka.psoni.org.pl\/wp-content\/uploads\/2020\/04\/patyk.jpg\" alt=\"\" class=\"wp-image-654\" width=\"275\" height=\"325\"\/><\/figure>\n\n\n\n<p>Pami\u0119tajmy o tym, aby zabaw oddechowych nie prowadzi\u0107 zbyt d\u0142ugo. Powietrze wdychajmy nosem a wydychajmy buzi\u0105. \u0106wiczenia oddechowe \u0142\u0105czmy z ruchem lub wplatajmy w r\u00f3\u017cne dzia\u0142ania dziecka. Zabawy te s\u0105 \u015bwietnym pomys\u0142em na wsp\u00f3ln\u0105 aktywno\u015b\u0107 i zach\u0119caj\u0105 dziecko do na\u015bladowania.<\/p>\n\n\n\n<p class=\"has-text-align-center\">\u058d&nbsp;\n\u058d&nbsp; \u058d&nbsp; \u058d&nbsp; \u058d<\/p>\n","protected":false},"excerpt":{"rendered":"<p>4.05.2020 Bajki opowiadamy i buzi\u0119 usprawniamy! \u00a0\u00a0\u00a0\u00a0 Narz\u0105dy mowy mo\u017cemy \u0107wiczy\u0107 podczas opowiadania kr\u00f3tkiej historyjki, bajeczki z prost\u0105 fabu\u0142\u0105. Dziecko po us\u0142yszeniu fragmentu tekstu na\u015bladuje ruchy warg i j\u0119zyka. Pocz\u0105tkowo pokazujemy dziecku, jak powinno u\u0142o\u017cy\u0107 narz\u0105dy mowy i jakie\u00a0 ruchy ma wykona\u0107. Zach\u0119camy\u00a0 maluszka do na\u015bladowania tych ruch\u00f3w (pocz\u0105tkowo nale\u017cy\u00a0 [&hellip;]<\/p>\n","protected":false},"author":2,"featured_media":0,"parent":0,"menu_order":0,"comment_status":"closed","ping_status":"closed","template":"","meta":{"footnotes":""},"class_list":["post-400","page","type-page","status-publish","hentry"],"_links":{"self":[{"href":"https:\/\/owi-pilicka.psoni.org.pl\/index.php?rest_route=\/wp\/v2\/pages\/400","targetHints":{"allow":["GET"]}}],"collection":[{"href":"https:\/\/owi-pilicka.psoni.org.pl\/index.php?rest_route=\/wp\/v2\/pages"}],"about":[{"href":"https:\/\/owi-pilicka.psoni.org.pl\/index.php?rest_route=\/wp\/v2\/types\/page"}],"author":[{"embeddable":true,"href":"https:\/\/owi-pilicka.psoni.org.pl\/index.php?rest_route=\/wp\/v2\/users\/2"}],"replies":[{"embeddable":true,"href":"https:\/\/owi-pilicka.psoni.org.pl\/index.php?rest_route=%2Fwp%2Fv2%2Fcomments&post=400"}],"version-history":[{"count":9,"href":"https:\/\/owi-pilicka.psoni.org.pl\/index.php?rest_route=\/wp\/v2\/pages\/400\/revisions"}],"predecessor-version":[{"id":699,"href":"https:\/\/owi-pilicka.psoni.org.pl\/index.php?rest_route=\/wp\/v2\/pages\/400\/revisions\/699"}],"wp:attachment":[{"href":"https:\/\/owi-pilicka.psoni.org.pl\/index.php?rest_route=%2Fwp%2Fv2%2Fmedia&parent=400"}],"curies":[{"name":"wp","href":"https:\/\/api.w.org\/{rel}","templated":true}]}}