{"id":403,"date":"2020-04-02T16:15:52","date_gmt":"2020-04-02T14:15:52","guid":{"rendered":"https:\/\/owi-pilicka.psoni.org.pl\/?page_id=403"},"modified":"2020-05-11T19:31:26","modified_gmt":"2020-05-11T17:31:26","slug":"u-fizjoterapeuty","status":"publish","type":"page","link":"https:\/\/owi-pilicka.psoni.org.pl\/?page_id=403","title":{"rendered":"U fizjoterapeuty"},"content":{"rendered":"\n<p class=\"has-text-align-right\">11.05.2020r.<\/p>\n\n\n\n<p><strong>Obr\u0119cz barkow\u0105 \u0107wiczymy i prawid\u0142ow\u0105 postaw\u0119 kszta\u0142cimy<\/strong><\/p>\n\n\n\n<p>Czy wiecie Pa\u0144stwo czym jest tak zwana protrakcja bark\u00f3w?<\/p>\n\n\n\n<p>Brzmi do\u015b\u0107 skomplikowanie, jednak protrakcja bark\u00f3w, to nic\ninnego jak wysuni\u0119cie bark\u00f3w do przodu wzgl\u0119dem klatki piersiowej. Obserwuj\u0105c\ndziecko stoj\u0105ce bokiem, rodzic zauwa\u017ca zaokr\u0105glone plecy i odstaj\u0105ce \u0142opatki.\nDzieje si\u0119 tak, gdy\u017c mi\u0119\u015bnie klatki piersiowej s\u0105 nadmiernie napi\u0119te, natomiast\nmi\u0119\u015bnie grzbietu ulegaj\u0105 os\u0142abieniu. Zaokr\u0105glone plecy cz\u0119sto z wysuni\u0119ciem\ng\u0142owy do przodu mog\u0105 doprowadzi\u0107 do wyst\u0105pienia wad postawy w obr\u0119bie\nkr\u0119gos\u0142upa. Przyczyn protrakcji bark\u00f3w jednak mo\u017ce by\u0107 wiele, dlatego warto\nskonsultowa\u0107 si\u0119 z fizjoterapeut\u0105, kt\u00f3ry oceni postaw\u0119 dziecka oraz\nindywidualnie dobierze \u0107wiczenia. <\/p>\n\n\n\n<p>Poni\u017cej przedstawiamy propozycj\u0119 \u0107wicze\u0144 rozci\u0105gaj\u0105cych\nnadmiernie napi\u0119tych mi\u0119\u015bni oraz wzmocnieniu os\u0142abionych. <\/p>\n\n\n\n<p><strong>Rozci\u0105ganie mi\u0119\u015bni klatki piersiowej<\/strong>&#8211; dziecko k\u0142adzie si\u0119 na plecach, na poduszce sensorycznej (mo\u017ce to by\u0107 r\u00f3wnie\u017c z\u0142o\u017cony w kszta\u0142cie kostki koc\/r\u0119cznik) tak, aby znajdowa\u0142a si\u0119 ona na wysoko\u015bci \u0142opatek. \u0106wiczenie to sk\u0142ada si\u0119 z trzech pozycji u\u0142o\u017cenia r\u0105k: na pocz\u0105tku r\u0119ce zgi\u0119te s\u0105 w \u0142okciach pod k\u0105tem 90 stopni, nast\u0119pnie dziecko uk\u0142ada r\u0119ce pod g\u0142ow\u0105, a na koniec r\u0119ce s\u0105 wyprostowane nad g\u0142ow\u0105. Ka\u017cd\u0105 pozycje utrzymuje 15s., staraj\u0105c si\u0119 dotkn\u0105\u0107 ko\u0144czynami pod\u0142o\u017ca.<\/p>\n\n\n\n<figure class=\"wp-block-image size-large\"><img loading=\"lazy\" decoding=\"async\" width=\"1024\" height=\"576\" src=\"https:\/\/owi-pilicka.psoni.org.pl\/wp-content\/uploads\/2020\/05\/foto1-1024x576.jpg\" alt=\"\" class=\"wp-image-727\" srcset=\"https:\/\/owi-pilicka.psoni.org.pl\/wp-content\/uploads\/2020\/05\/foto1-1024x576.jpg 1024w, https:\/\/owi-pilicka.psoni.org.pl\/wp-content\/uploads\/2020\/05\/foto1-300x169.jpg 300w, https:\/\/owi-pilicka.psoni.org.pl\/wp-content\/uploads\/2020\/05\/foto1-768x432.jpg 768w, https:\/\/owi-pilicka.psoni.org.pl\/wp-content\/uploads\/2020\/05\/foto1-1536x864.jpg 1536w, https:\/\/owi-pilicka.psoni.org.pl\/wp-content\/uploads\/2020\/05\/foto1.jpg 1920w\" sizes=\"auto, (max-width: 1024px) 100vw, 1024px\" \/><\/figure>\n\n\n\n<figure class=\"wp-block-image size-large\"><img loading=\"lazy\" decoding=\"async\" width=\"937\" height=\"597\" src=\"https:\/\/owi-pilicka.psoni.org.pl\/wp-content\/uploads\/2020\/05\/foto2.jpg\" alt=\"\" class=\"wp-image-728\" srcset=\"https:\/\/owi-pilicka.psoni.org.pl\/wp-content\/uploads\/2020\/05\/foto2.jpg 937w, https:\/\/owi-pilicka.psoni.org.pl\/wp-content\/uploads\/2020\/05\/foto2-300x191.jpg 300w, https:\/\/owi-pilicka.psoni.org.pl\/wp-content\/uploads\/2020\/05\/foto2-768x489.jpg 768w\" sizes=\"auto, (max-width: 937px) 100vw, 937px\" \/><\/figure>\n\n\n\n<figure class=\"wp-block-image size-large\"><img loading=\"lazy\" decoding=\"async\" width=\"954\" height=\"536\" src=\"https:\/\/owi-pilicka.psoni.org.pl\/wp-content\/uploads\/2020\/05\/foto3.jpg\" alt=\"\" class=\"wp-image-729\" srcset=\"https:\/\/owi-pilicka.psoni.org.pl\/wp-content\/uploads\/2020\/05\/foto3.jpg 954w, https:\/\/owi-pilicka.psoni.org.pl\/wp-content\/uploads\/2020\/05\/foto3-300x169.jpg 300w, https:\/\/owi-pilicka.psoni.org.pl\/wp-content\/uploads\/2020\/05\/foto3-768x431.jpg 768w\" sizes=\"auto, (max-width: 954px) 100vw, 954px\" \/><\/figure>\n\n\n\n<p><strong>Przenoszenie pi\u0142ki z r\u0119ki do r\u0119ki<\/strong> &#8211; dziecko le\u017cy na brzuchu, r\u0119ce wyprostowane uk\u0142ada nad g\u0142ow\u0105, nogi s\u0105 wyprostowane. G\u0142owa ustawiona wzd\u0142u\u017c tu\u0142owia (dziecko nie odchyla g\u0142owy do ty\u0142u, wzrok skierowany do pod\u0142o\u017ca). Rodzic uk\u0142ada niewielki, zrolowany r\u0119cznik pod brzuch dziecka. Dziecko trzyma obur\u0105cz pi\u0142k\u0119, unosi r\u0119ce oraz g\u0142ow\u0119 nad pod\u0142og\u0105 i przenosi pi\u0142k\u0119 przed sob\u0105 z jednej r\u0119ki do drugiej. R\u0119ce pracuj\u0105 r\u00f3wnocze\u015bnie. Klatka piersiowa zostaje na pod\u0142o\u017cu.<\/p>\n\n\n\n<figure class=\"wp-block-image size-large is-resized\"><img loading=\"lazy\" decoding=\"async\" src=\"https:\/\/owi-pilicka.psoni.org.pl\/wp-content\/uploads\/2020\/05\/foto4-1-rotated.jpg\" alt=\"\" class=\"wp-image-732\" width=\"555\" height=\"390\" srcset=\"https:\/\/owi-pilicka.psoni.org.pl\/wp-content\/uploads\/2020\/05\/foto4-1-rotated.jpg 948w, https:\/\/owi-pilicka.psoni.org.pl\/wp-content\/uploads\/2020\/05\/foto4-1-300x211.jpg 300w, https:\/\/owi-pilicka.psoni.org.pl\/wp-content\/uploads\/2020\/05\/foto4-1-768x541.jpg 768w\" sizes=\"auto, (max-width: 555px) 100vw, 555px\" \/><\/figure>\n\n\n\n<p><strong>Utrzymanie r\u0105k w pozycji \u201eskrzyde\u0142ek\u201d<\/strong>&#8211; dziecko le\u017cy na brzuchu, r\u0119ce uk\u0142ada w pozycji \u201eskrzyde\u0142ek\u201d. Zadaniem dziecka jest uniesienie r\u0105k oraz g\u0142owy nad pod\u0142og\u0119 i utrzymanie pozycji ok. 10s<strong>.<\/strong><\/p>\n\n\n\n<figure class=\"wp-block-image size-large\"><img loading=\"lazy\" decoding=\"async\" width=\"1024\" height=\"576\" src=\"https:\/\/owi-pilicka.psoni.org.pl\/wp-content\/uploads\/2020\/05\/foto5-1024x576.jpg\" alt=\"\" class=\"wp-image-733\" srcset=\"https:\/\/owi-pilicka.psoni.org.pl\/wp-content\/uploads\/2020\/05\/foto5-1024x576.jpg 1024w, https:\/\/owi-pilicka.psoni.org.pl\/wp-content\/uploads\/2020\/05\/foto5-300x169.jpg 300w, https:\/\/owi-pilicka.psoni.org.pl\/wp-content\/uploads\/2020\/05\/foto5-768x432.jpg 768w, https:\/\/owi-pilicka.psoni.org.pl\/wp-content\/uploads\/2020\/05\/foto5-1536x864.jpg 1536w, https:\/\/owi-pilicka.psoni.org.pl\/wp-content\/uploads\/2020\/05\/foto5.jpg 1920w\" sizes=\"auto, (max-width: 1024px) 100vw, 1024px\" \/><\/figure>\n\n\n\n<p>M\u00f3wi\u0105c o prawid\u0142owej postawie cia\u0142a nale\u017cy zwr\u00f3ci\u0107 uwag\u0119 na wiele czynnik\u00f3w i warto pami\u0119ta\u0107, \u017ce \u00a0to nie tylko poprawnie ustawiona obr\u0119cz barkowa. Z tego powodu wskazane jest zadba\u0107 o odpowiedni dob\u00f3r \u0107wicze\u0144 wp\u0142ywaj\u0105cych na mechanik\u0119 ca\u0142ego cia\u0142a. Zach\u0119camy wi\u0119c do podejmowania przez Wasze dzieci aktywno\u015bci ruchowych, kt\u00f3re b\u0119d\u0105 nie tylko sprawia\u0142y im rado\u015b\u0107 i \u015bwietn\u0105 zabaw\u0119, ale b\u0119d\u0105 dla nich \u017ar\u00f3d\u0142em cennych do\u015bwiadcze\u0144 ruchowych. <\/p>\n\n\n\n<p class=\"has-text-align-right\">20.04.2020r.<\/p>\n\n\n\n<p><strong>Kiedy w domu siedzimy,<\/strong>  <strong>ma\u0142e st\u00f3pki po\u0107wiczymy.<\/strong> <\/p>\n\n\n\n<p>Kszta\u0142towanie si\u0119 prawid\u0142owych \u0142uk\u00f3w stopy to proces, kt\u00f3ry trwa przez\nkilka pierwszych lat \u017cycia. Rodzice obserwuj\u0105c ch\u00f3d i wygl\u0105d st\u00f3p swojego\ndziecka, cz\u0119sto zg\u0142aszaj\u0105 fizjoterapeutom swoje obawy. Warto pami\u0119ta\u0107, \u017ce w tym\ntemacie mamy szeroki zakres \u201enormy\u201d i cz\u0119sto co\u015b, co na pierwszy rzut oka nie\nwygl\u0105da najlepiej, mie\u015bci si\u0119 w fizjologii rozwoju dziecka. Dopiero oko\u0142o 7\nroku \u017cycia parametry chodu u dziecka, przypominaj\u0105 ch\u00f3d doros\u0142ego cz\u0142owieka, a\no\u015b ko\u0144czyny dolnej i budowa samej stopy przestaje si\u0119 tak dynamicznie zmienia\u0107,\njak by\u0142o to do tej pory. Jednak ju\u017c od pierwszych miesi\u0119cy warto wspomaga\u0107\nprawid\u0142owy rozw\u00f3j stopy u dziecka.&nbsp; Odbywa\nsi\u0119 to zar\u00f3wno przez dawanie <em>do\u015bwiadcze\u0144\nzmys\u0142owych, samodzieln\u0105 zabaw\u0119 swoimi stopami<\/em>, a w p\u00f3\u017aniejszym etapie <em>odpowiednio dobrane obuwie<\/em>, czy <em>\u0107wiczenia wspomagaj\u0105ce prac\u0119 mi\u0119\u015bni st\u00f3p. <\/em><\/p>\n\n\n\n<p>Poni\u017cej przedstawiamy 3 propozycje \u0107wicze\u0144 do samodzielnego wykonania\nw domu:<\/p>\n\n\n\n<ul class=\"wp-block-list\"><li><strong>Zgniatanie kartki papieru stopami- <\/strong>dziecko siedzi na ziemi, przed nim le\u017cy kartka papieru. Bosymi stopami \u0142apie papier i pr\u00f3buje zgnie\u015b\u0107 go, tworz\u0105c z niego kulk\u0119. Mo\u017cna wykona\u0107 to \u0107wiczenie w formie zawod\u00f3w na czas, z rodzicem czy rodze\u0144stwem. <\/li><\/ul>\n\n\n\n<figure class=\"wp-block-image size-large is-resized\"><img loading=\"lazy\" decoding=\"async\" src=\"https:\/\/owi-pilicka.psoni.org.pl\/wp-content\/uploads\/2020\/04\/sssssss.jpg\" alt=\"\" class=\"wp-image-635\" width=\"467\" height=\"520\" srcset=\"https:\/\/owi-pilicka.psoni.org.pl\/wp-content\/uploads\/2020\/04\/sssssss.jpg 382w, https:\/\/owi-pilicka.psoni.org.pl\/wp-content\/uploads\/2020\/04\/sssssss-270x300.jpg 270w\" sizes=\"auto, (max-width: 467px) 100vw, 467px\" \/><\/figure>\n\n\n\n<ul class=\"wp-block-list\"><li><em> <\/em><strong>Rolowanie r\u0119cznika palcami- <\/strong>dziecko siedzi na pod\u0142odze, r\u0119cznik    k\u0142adziemy przed nim na ziemi. Zadaniem dziecka jest zwini\u0119cie samymi palcami st\u00f3p r\u0119cznika. \u0106wiczenie to wzmacnia mi\u0119\u015bnie kr\u00f3tkie stopy, czym wspomaga tworzenie prawid\u0142owych \u0142uk\u00f3w stopy. <\/li><\/ul>\n\n\n\n<figure class=\"wp-block-image size-large is-resized\"><img loading=\"lazy\" decoding=\"async\" src=\"https:\/\/owi-pilicka.psoni.org.pl\/wp-content\/uploads\/2020\/04\/qqqqqq.jpg\" alt=\"\" class=\"wp-image-636\" width=\"486\" height=\"457\" srcset=\"https:\/\/owi-pilicka.psoni.org.pl\/wp-content\/uploads\/2020\/04\/qqqqqq.jpg 380w, https:\/\/owi-pilicka.psoni.org.pl\/wp-content\/uploads\/2020\/04\/qqqqqq-300x282.jpg 300w\" sizes=\"auto, (max-width: 486px) 100vw, 486px\" \/><\/figure>\n\n\n\n<ul class=\"wp-block-list\"><li><strong>Utrzymanie pi\u0142ki pi\u0119tami- <\/strong>dziecko stoi, rodzic wk\u0142ada mu ma\u0142\u0105 pi\u0142eczk\u0119 mi\u0119dzy pi\u0119ty. Dziecko wykonuje wznos na palce, z  jednoczesnym \u015bciskaniem pi\u0142eczki pi\u0119tami, tak aby ona nie wypad\u0142a. Je\u015bli  dziecku trudno utrzyma\u0107 r\u00f3wnowag\u0119 stoj\u0105c na palcach, mo\u017ce trzyma\u0107 za  r\u0119ce rodzica lub opiera\u0107 si\u0119 nimi o \u015bcian\u0119.  <\/li><\/ul>\n\n\n\n<figure class=\"wp-block-image size-large is-resized\"><img loading=\"lazy\" decoding=\"async\" src=\"https:\/\/owi-pilicka.psoni.org.pl\/wp-content\/uploads\/2020\/04\/eeeeee.jpg\" alt=\"\" class=\"wp-image-637\" width=\"485\" height=\"645\" srcset=\"https:\/\/owi-pilicka.psoni.org.pl\/wp-content\/uploads\/2020\/04\/eeeeee.jpg 382w, https:\/\/owi-pilicka.psoni.org.pl\/wp-content\/uploads\/2020\/04\/eeeeee-226x300.jpg 226w\" sizes=\"auto, (max-width: 485px) 100vw, 485px\" \/><\/figure>\n\n\n\n<p><\/p>\n\n\n\n<p class=\"has-text-align-left\">Mimo tego \u017ce m\u00f3wimy dzisiaj o stopie, to nie mo\u017cna jej wyizolowa\u0107. Kszta\u0142towanie wysklepienia stopy odbywa si\u0119 zawsze we wzorcu globalnym, dlatego wa\u017cna jest ca\u0142a ko\u0144czyna dolna pocz\u0105wszy od biodra, jego ustawienia i pracy. Id\u0105c dalej nale\u017cy zwr\u00f3ci\u0107 uwag\u0119 tak\u017ce na ustawienie miednicy, ca\u0142ego kr\u0119gos\u0142upa i prawid\u0142ow\u0105 prac\u0119 mi\u0119\u015bni brzucha.&nbsp; <em>Dlatego tak wa\u017cne jest, aby podczas aktywno\u015bci w domu wprowadza\u0107 nie tylko trening mi\u0119\u015bni st\u00f3p, ale tak\u017ce pami\u0119ta\u0107 o wzmacnianiu mi\u0119\u015bni brzucha.&nbsp; <\/em> <\/p>\n\n\n\n<p class=\"has-text-align-right\">02.04.2020r <\/p>\n\n\n\n<p class=\"has-text-align-center\"> \u058d&nbsp; \u058d&nbsp; \u058d&nbsp; \u058d&nbsp; \u058d <\/p>\n\n\n\n<p>Proponujemy zabawy ruchowe, kt\u00f3re dziecko mo\u017ce wykonywa\u0107 w&nbsp;domu.\nNie&nbsp;wymagaj\u0105 one du\u017co miejsca, ani specjalistycznych przyrz\u0105d\u00f3w. Wystarczy\nkawa\u0142ek pod\u0142ogi i&nbsp;pi\u0142ka.&nbsp; Wielokrotnie mo\u017cna je wplata\u0107\nw&nbsp;codzienn\u0105 aktywno\u015b\u0107 ruchow\u0105 dziecka i zabawy w&nbsp;domu. Zadania wydaj\u0105\nsi\u0119 proste i&nbsp;\u0142atwe&nbsp; do&nbsp;wykonania, jednak niech&nbsp; pozory\nnie&nbsp;myl\u0105 ;). Aktywno\u015bci te mocno anga\u017cuj\u0105 prac\u0119 mi\u0119\u015bni brzucha, kt\u00f3rych&nbsp;wzmocnienie\njest nieod\u0142\u0105cznym elementem&nbsp; rehabilitacji.<\/p>\n\n\n\n<p>Ilo\u015b\u0107 powt\u00f3rze\u0144 ka\u017cdego z&nbsp;tych \u0107wicze\u0144, zale\u017cy od mo\u017cliwo\u015bci, ch\u0119ci\ni&nbsp;aktualnej kondycji dziecka. Grupa fizjoterapeut\u00f3w rekomenduje, aby\npowt\u00f3rze\u0144 by\u0142o przynajmniej 10. &nbsp;<\/p>\n\n\n\n<p><strong>Mostek biodrowy.<\/strong><\/p>\n\n\n\n<p>Dziecko le\u017cy na&nbsp;plecach, podnosi do&nbsp;g\u00f3ry biodra i utrzymuj\u0119 pozycj\u0119 mostu 20&nbsp;sekund. Nast\u0119pnie przek\u0142ada z&nbsp;r\u0119ki do&nbsp;r\u0119ki pi\u0142k\u0119 lub ma\u0142\u0105 zabawk\u0119 (pod&nbsp;po\u015bladkami). Dziecko m\u0142odsze mo\u017ce jedynie utrzymywa\u0107 pozycj\u0119 mostku, tak&nbsp;\u017ceby&nbsp;pi\u0142ka lub inna zabawka, przek\u0142adana przez&nbsp;rodzica zd\u0105\u017cy\u0142a \u201eprzej\u015b\u0107\u201d pod&nbsp;mostkiem.<\/p>\n\n\n\n<figure class=\"wp-block-image size-large\"><img loading=\"lazy\" decoding=\"async\" width=\"508\" height=\"382\" src=\"https:\/\/owi-pilicka.psoni.org.pl\/wp-content\/uploads\/2020\/04\/1-1.jpg\" alt=\"\" class=\"wp-image-444\" srcset=\"https:\/\/owi-pilicka.psoni.org.pl\/wp-content\/uploads\/2020\/04\/1-1.jpg 508w, https:\/\/owi-pilicka.psoni.org.pl\/wp-content\/uploads\/2020\/04\/1-1-300x226.jpg 300w\" sizes=\"auto, (max-width: 508px) 100vw, 508px\" \/><\/figure>\n\n\n\n<p><strong>\u015aciskanie pi\u0142ki mi\u0119dzy nogami.<\/strong><\/p>\n\n\n\n<p>Dziecko le\u017cy na&nbsp;plecach. Kolana ma zgi\u0119te, a&nbsp;stopy oparte o&nbsp;pod\u0142o\u017ce. Pi\u0142ka znajduje si\u0119 mi\u0119dzy kolanami.&nbsp; Rodzic pr\u00f3buje delikatnie wyci\u0105gn\u0105\u0107 pi\u0142k\u0119, jednocze\u015bnie polecaj\u0105c dziecku, aby j\u0105 lekko \u015bcisn\u0119\u0142o (nie&nbsp;da\u0142o sobie zabra\u0107).<\/p>\n\n\n\n<figure class=\"wp-block-image size-large is-resized\"><img loading=\"lazy\" decoding=\"async\" src=\"https:\/\/owi-pilicka.psoni.org.pl\/wp-content\/uploads\/2020\/04\/2-1.jpg\" alt=\"\" class=\"wp-image-445\" width=\"532\" height=\"398\" srcset=\"https:\/\/owi-pilicka.psoni.org.pl\/wp-content\/uploads\/2020\/04\/2-1.jpg 871w, https:\/\/owi-pilicka.psoni.org.pl\/wp-content\/uploads\/2020\/04\/2-1-300x225.jpg 300w, https:\/\/owi-pilicka.psoni.org.pl\/wp-content\/uploads\/2020\/04\/2-1-768x576.jpg 768w\" sizes=\"auto, (max-width: 532px) 100vw, 532px\" \/><\/figure>\n\n\n\n<p><strong>Przek\u0142adanie pi\u0142ki z&nbsp;r\u0105k do&nbsp;n\u00f3g.<\/strong><\/p>\n\n\n\n<p><strong>&nbsp;<\/strong>Pozycja wyj\u015bciowa jak w dw\u00f3ch poprzednich \u0107wiczeniach.<\/p>\n\n\n\n<p>R\u0119ce dziecka trzymaj\u0105 pi\u0142k\u0119 nad&nbsp;klatk\u0105 piersiow\u0105.&nbsp; Zadaniem dziecka jest podnie\u015b\u0107 obydwie nogi do&nbsp;g\u00f3ry i&nbsp;w\u0142o\u017cy\u0107 pi\u0142k\u0119 mi\u0119dzy stopy. Nast\u0119pnie opu\u015bci\u0107 nogi i&nbsp;r\u0119ce na&nbsp;ziemi\u0119. Powt\u00f3rzy\u0107 \u0107wiczenie, tym razem prze\u0142o\u017cy\u0107 w&nbsp;g\u00f3rze pi\u0142k\u0119 ze&nbsp;st\u00f3p do&nbsp;r\u0105k. Ponownie od\u0142o\u017cy\u0107.<\/p>\n\n\n\n<figure class=\"wp-block-image size-large\"><img loading=\"lazy\" decoding=\"async\" width=\"508\" height=\"382\" src=\"https:\/\/owi-pilicka.psoni.org.pl\/wp-content\/uploads\/2020\/04\/3-1.jpg\" alt=\"\" class=\"wp-image-446\" srcset=\"https:\/\/owi-pilicka.psoni.org.pl\/wp-content\/uploads\/2020\/04\/3-1.jpg 508w, https:\/\/owi-pilicka.psoni.org.pl\/wp-content\/uploads\/2020\/04\/3-1-300x226.jpg 300w\" sizes=\"auto, (max-width: 508px) 100vw, 508px\" \/><\/figure>\n\n\n\n<figure class=\"wp-block-image size-large\"><img loading=\"lazy\" decoding=\"async\" width=\"508\" height=\"382\" src=\"https:\/\/owi-pilicka.psoni.org.pl\/wp-content\/uploads\/2020\/04\/4-2.jpg\" alt=\"\" class=\"wp-image-447\" srcset=\"https:\/\/owi-pilicka.psoni.org.pl\/wp-content\/uploads\/2020\/04\/4-2.jpg 508w, https:\/\/owi-pilicka.psoni.org.pl\/wp-content\/uploads\/2020\/04\/4-2-300x226.jpg 300w\" sizes=\"auto, (max-width: 508px) 100vw, 508px\" \/><\/figure>\n\n\n\n<p>Mamy nadziej\u0119, \u017ce&nbsp;proponowane aktywno\u015bci spodobaj\u0105 si\u0119 dzieciom\ni&nbsp;cho\u0107 troch\u0119 pozwol\u0105 im roz\u0142adowa\u0107 energi\u0119 &#x1f60a;<\/p>\n\n\n\n<p class=\"has-text-align-center\">\u058d&nbsp; \u058d&nbsp; \u058d&nbsp; \u058d&nbsp; \u058d<\/p>\n\n\n\n<p class=\"has-text-align-right\"> 30.03.2020r <\/p>\n\n\n\n<p><strong>kilka propozycji zabaw, kt\u00f3re umo\u017cliwi\u0105 dzieciom&nbsp; zaspokojenie\npotrzeby ruchu:<\/strong><\/p>\n\n\n\n<p><em>\u201eTor przeszk\u00f3d\u201d<\/em><\/p>\n\n\n\n<p>Budujemy tor przeszk\u00f3d z&nbsp;przedmiot\u00f3w, kt\u00f3re znajdziemy w&nbsp;domu\n(np.&nbsp;z&nbsp;koc\u00f3w, poduszek, krzese\u0142, szalik\u00f3w, lin). Mo\u017cemy nad&nbsp;\nnimi przechodzi\u0107, przeskakiwa\u0107, czo\u0142ga\u0107 si\u0119 pod&nbsp;nimi.<\/p>\n\n\n\n<p><em>\u201eNale\u015bnik\u201d<\/em><\/p>\n\n\n\n<p>Dziecko le\u017cy na&nbsp;kocu\/ko\u0142drze\/materacu. Rodzic powoli zawija je\nw&nbsp;koc\/ko\u0142dr\u0119\/materac, robi\u0105c z&nbsp;niego \u201enale\u015bnik\u201d (g\u0142owa pozostaje\nna&nbsp;zewn\u0105trz). Mo\u017cemy chwil\u0119 je pougniata\u0107, porolowa\u0107, zrobi\u0107 masa\u017cyk,\na&nbsp;nast\u0119pnie pozwoli\u0107 dziecku uwolni\u0107 si\u0119&nbsp; poprzez rozwini\u0119cie koca,\nturlanie si\u0119, przeciskanie i&nbsp;si\u0142owanie.<\/p>\n\n\n\n<p class=\"has-text-align-center\">\u058d&nbsp; \u058d&nbsp; \u058d&nbsp; \u058d&nbsp;\n\u058d<\/p>\n","protected":false},"excerpt":{"rendered":"<p>11.05.2020r. Obr\u0119cz barkow\u0105 \u0107wiczymy i prawid\u0142ow\u0105 postaw\u0119 kszta\u0142cimy Czy wiecie Pa\u0144stwo czym jest tak zwana protrakcja bark\u00f3w? Brzmi do\u015b\u0107 skomplikowanie, jednak protrakcja bark\u00f3w, to nic innego jak wysuni\u0119cie bark\u00f3w do przodu wzgl\u0119dem klatki piersiowej. Obserwuj\u0105c dziecko stoj\u0105ce bokiem, rodzic zauwa\u017ca zaokr\u0105glone plecy i odstaj\u0105ce \u0142opatki. Dzieje si\u0119 tak, gdy\u017c mi\u0119\u015bnie [&hellip;]<\/p>\n","protected":false},"author":2,"featured_media":0,"parent":0,"menu_order":0,"comment_status":"closed","ping_status":"closed","template":"","meta":{"footnotes":""},"class_list":["post-403","page","type-page","status-publish","hentry"],"_links":{"self":[{"href":"https:\/\/owi-pilicka.psoni.org.pl\/index.php?rest_route=\/wp\/v2\/pages\/403","targetHints":{"allow":["GET"]}}],"collection":[{"href":"https:\/\/owi-pilicka.psoni.org.pl\/index.php?rest_route=\/wp\/v2\/pages"}],"about":[{"href":"https:\/\/owi-pilicka.psoni.org.pl\/index.php?rest_route=\/wp\/v2\/types\/page"}],"author":[{"embeddable":true,"href":"https:\/\/owi-pilicka.psoni.org.pl\/index.php?rest_route=\/wp\/v2\/users\/2"}],"replies":[{"embeddable":true,"href":"https:\/\/owi-pilicka.psoni.org.pl\/index.php?rest_route=%2Fwp%2Fv2%2Fcomments&post=403"}],"version-history":[{"count":6,"href":"https:\/\/owi-pilicka.psoni.org.pl\/index.php?rest_route=\/wp\/v2\/pages\/403\/revisions"}],"predecessor-version":[{"id":734,"href":"https:\/\/owi-pilicka.psoni.org.pl\/index.php?rest_route=\/wp\/v2\/pages\/403\/revisions\/734"}],"wp:attachment":[{"href":"https:\/\/owi-pilicka.psoni.org.pl\/index.php?rest_route=%2Fwp%2Fv2%2Fmedia&parent=403"}],"curies":[{"name":"wp","href":"https:\/\/api.w.org\/{rel}","templated":true}]}}