{"id":409,"date":"2020-04-02T16:46:00","date_gmt":"2020-04-02T14:46:00","guid":{"rendered":"https:\/\/owi-pilicka.psoni.org.pl\/?page_id=409"},"modified":"2024-04-04T12:21:33","modified_gmt":"2024-04-04T10:21:33","slug":"hestia-front","status":"publish","type":"page","link":"https:\/\/owi-pilicka.psoni.org.pl\/","title":{"rendered":"Front Page"},"content":{"rendered":"<p>O\u015brodek Wczesnej Interwencji Polskiego Stowarzyszenia na rzecz Os\u00f3b z Niepe\u0142nosprawno\u015bci\u0105 Intelektualn\u0105 w Warszawie, powsta\u0142y niemal 40 lat temu, by\u0142 pierwsz\u0105 plac\u00f3wk\u0105 w Polsce i jedn\u0105 z nielicznych na \u015bwiecie w kt\u00f3rej wprowadzono kompleksow\u0105, wielospecjalistyczn\u0105 opiek\u0119 nad ma\u0142ym, niepe\u0142nosprawnym, dzieckiem i jego rodzin\u0105. Powstanie takiej plac\u00f3wki by\u0142o dzie\u0142em wsp\u00f3\u0142pracuj\u0105cych ze sob\u0105 teoretyk\u00f3w i praktyk\u00f3w r\u00f3\u017cnych specjalno\u015bci a podyktowane by\u0142o trosk\u0105 o holistyczne podej\u015bcie do dziecka niepe\u0142nosprawnego, terapii, rehabilitacji i jego rodziny.<\/p>\n\n\n<p><\/p>\n\n\n\n<p><\/p>\n","protected":false},"excerpt":{"rendered":"<p>O\u015brodek Wczesnej Interwencji Polskiego Stowarzyszenia na rzecz Os\u00f3b z Niepe\u0142nosprawno\u015bci\u0105 Intelektualn\u0105 w Warszawie, powsta\u0142y niemal 40 lat temu, by\u0142 pierwsz\u0105 plac\u00f3wk\u0105 w Polsce i jedn\u0105 z nielicznych na \u015bwiecie w kt\u00f3rej wprowadzono kompleksow\u0105, wielospecjalistyczn\u0105 opiek\u0119 nad ma\u0142ym, niepe\u0142nosprawnym, dzieckiem i jego rodzin\u0105. Powstanie takiej plac\u00f3wki by\u0142o dzie\u0142em wsp\u00f3\u0142pracuj\u0105cych ze sob\u0105 [&hellip;]<\/p>\n","protected":false},"author":1,"featured_media":13,"parent":0,"menu_order":0,"comment_status":"closed","ping_status":"closed","template":"","meta":{"footnotes":""},"class_list":["post-409","page","type-page","status-publish","has-post-thumbnail","hentry"],"_links":{"self":[{"href":"https:\/\/owi-pilicka.psoni.org.pl\/index.php?rest_route=\/wp\/v2\/pages\/409","targetHints":{"allow":["GET"]}}],"collection":[{"href":"https:\/\/owi-pilicka.psoni.org.pl\/index.php?rest_route=\/wp\/v2\/pages"}],"about":[{"href":"https:\/\/owi-pilicka.psoni.org.pl\/index.php?rest_route=\/wp\/v2\/types\/page"}],"author":[{"embeddable":true,"href":"https:\/\/owi-pilicka.psoni.org.pl\/index.php?rest_route=\/wp\/v2\/users\/1"}],"replies":[{"embeddable":true,"href":"https:\/\/owi-pilicka.psoni.org.pl\/index.php?rest_route=%2Fwp%2Fv2%2Fcomments&post=409"}],"version-history":[{"count":3,"href":"https:\/\/owi-pilicka.psoni.org.pl\/index.php?rest_route=\/wp\/v2\/pages\/409\/revisions"}],"predecessor-version":[{"id":970,"href":"https:\/\/owi-pilicka.psoni.org.pl\/index.php?rest_route=\/wp\/v2\/pages\/409\/revisions\/970"}],"wp:featuredmedia":[{"embeddable":true,"href":"https:\/\/owi-pilicka.psoni.org.pl\/index.php?rest_route=\/wp\/v2\/media\/13"}],"wp:attachment":[{"href":"https:\/\/owi-pilicka.psoni.org.pl\/index.php?rest_route=%2Fwp%2Fv2%2Fmedia&parent=409"}],"curies":[{"name":"wp","href":"https:\/\/api.w.org\/{rel}","templated":true}]}}