{"id":45,"date":"2018-06-21T10:27:36","date_gmt":"2018-06-21T10:27:36","guid":{"rendered":"http:\/\/owi-pilicka.psoni.org.pl\/?page_id=45"},"modified":"2020-01-22T12:53:31","modified_gmt":"2020-01-22T10:53:31","slug":"fizjoterapia","status":"publish","type":"page","link":"https:\/\/owi-pilicka.psoni.org.pl\/?page_id=45","title":{"rendered":"Fizjoterapia"},"content":{"rendered":"<p style=\"text-align: justify;\">Celem zaj\u0119\u0107 fizjoterapeutycznych w naszym o\u015brodku jest poprawa zdolno\u015bci motorycznych dziecka oraz jak najlepsze przystosowanie go do funkcjonowania w \u017cyciu codziennym. Aby to osi\u0105gn\u0105\u0107, prowadzimy zaj\u0119cia z kinezyterapii, szeroko poj\u0119tej fizykoterapii oraz hydroterapii. Wsp\u00f3\u0142pracujemy r\u00f3wnie\u017c z firmami ortopedycznymi, dzi\u0119ki czemu aktywnie uczestniczymy w procesie doboru sprz\u0119tu zaopatrzenia ortopedycznego ( ortezy, pionizatory, w\u00f3zki, itp) dla ka\u017cdego podopiecznego.<\/p>\n<p style=\"text-align: justify;\"><img loading=\"lazy\" decoding=\"async\" src=\"http:\/\/owi-pilicka.psoni.org.pl\/wp-content\/uploads\/2018\/06\/IMG_1140-300x225.jpg\" alt=\"\" class=\"size-medium wp-image-50 aligncenter\" width=\"300\" height=\"225\" srcset=\"https:\/\/owi-pilicka.psoni.org.pl\/wp-content\/uploads\/2018\/06\/IMG_1140-300x225.jpg 300w, https:\/\/owi-pilicka.psoni.org.pl\/wp-content\/uploads\/2018\/06\/IMG_1140-768x576.jpg 768w, https:\/\/owi-pilicka.psoni.org.pl\/wp-content\/uploads\/2018\/06\/IMG_1140-1024x768.jpg 1024w\" sizes=\"auto, (max-width: 300px) 100vw, 300px\" \/><\/p>\n<p style=\"text-align: justify;\">Terapia prowadzona jest indywidualnie lub grupowo, w zale\u017cno\u015bci od potrzeb dziecka, a jej rodzaj ustalany jest przez zesp\u00f3\u0142 konsultant\u00f3w. Specjalizujemy si\u0119 w rehabilitacji dzieci w wieku od 0 do 7 lat, z r\u00f3\u017cnym stopniem niepe\u0142nosprawno\u015bci, w tym z niepe\u0142nosprawno\u015bci\u0105 sprz\u0119\u017con\u0105. Wiedz\u0119 pog\u0142\u0119biamy na specjalistycznych kursach, warsztatach i konferencjach naukowych. W zale\u017cno\u015bci od potrzeb dziecka w swojej pracy wykorzystujemy:<\/p>\n<ul>\n<li style=\"list-style-type: none\">\n<ul>\n<li style=\"text-align: justify;\"><a href=\"http:\/\/owi-pilicka.psoni.org.pl\/?page_id=60\">koncepcj\u0119 NDT \u2013Bobath<\/a><\/li>\n<\/ul>\n<\/li>\n<\/ul>\n<ul>\n<li style=\"list-style-type: none\">\n<ul>\n<li style=\"text-align: justify;\"><a href=\"http:\/\/owi-pilicka.psoni.org.pl\/?page_id=64\">metod\u0119 PNF<\/a><\/li>\n<\/ul>\n<\/li>\n<\/ul>\n<ul>\n<li style=\"list-style-type: none\">\n<ul>\n<li style=\"text-align: justify;\"><a href=\"http:\/\/owi-pilicka.psoni.org.pl\/?page_id=68\">metod\u0119 Integracji Sensorycznej<\/a><\/li>\n<\/ul>\n<\/li>\n<\/ul>\n<ul>\n<li style=\"list-style-type: none\">\n<ul>\n<li style=\"text-align: justify;\"><a href=\"http:\/\/owi-pilicka.psoni.org.pl\/?page_id=72\">masa\u017c Shantali<\/a><\/li>\n<\/ul>\n<\/li>\n<\/ul>\n<ul>\n<li style=\"text-align: justify;\"><a href=\"http:\/\/owi-pilicka.psoni.org.pl\/?page_id=74\">fizykoterapi\u0119<\/a><\/li>\n<\/ul>\n","protected":false},"excerpt":{"rendered":"<p>Celem zaj\u0119\u0107 fizjoterapeutycznych w naszym o\u015brodku jest poprawa zdolno\u015bci motorycznych dziecka oraz jak najlepsze przystosowanie go do funkcjonowania w \u017cyciu codziennym. Aby to osi\u0105gn\u0105\u0107, prowadzimy zaj\u0119cia z kinezyterapii, szeroko poj\u0119tej fizykoterapii oraz hydroterapii. Wsp\u00f3\u0142pracujemy r\u00f3wnie\u017c z firmami ortopedycznymi, dzi\u0119ki czemu aktywnie uczestniczymy w procesie doboru sprz\u0119tu zaopatrzenia ortopedycznego ( ortezy, [&hellip;]<\/p>\n","protected":false},"author":1,"featured_media":49,"parent":0,"menu_order":0,"comment_status":"closed","ping_status":"closed","template":"","meta":{"footnotes":""},"class_list":["post-45","page","type-page","status-publish","has-post-thumbnail","hentry"],"_links":{"self":[{"href":"https:\/\/owi-pilicka.psoni.org.pl\/index.php?rest_route=\/wp\/v2\/pages\/45","targetHints":{"allow":["GET"]}}],"collection":[{"href":"https:\/\/owi-pilicka.psoni.org.pl\/index.php?rest_route=\/wp\/v2\/pages"}],"about":[{"href":"https:\/\/owi-pilicka.psoni.org.pl\/index.php?rest_route=\/wp\/v2\/types\/page"}],"author":[{"embeddable":true,"href":"https:\/\/owi-pilicka.psoni.org.pl\/index.php?rest_route=\/wp\/v2\/users\/1"}],"replies":[{"embeddable":true,"href":"https:\/\/owi-pilicka.psoni.org.pl\/index.php?rest_route=%2Fwp%2Fv2%2Fcomments&post=45"}],"version-history":[{"count":10,"href":"https:\/\/owi-pilicka.psoni.org.pl\/index.php?rest_route=\/wp\/v2\/pages\/45\/revisions"}],"predecessor-version":[{"id":287,"href":"https:\/\/owi-pilicka.psoni.org.pl\/index.php?rest_route=\/wp\/v2\/pages\/45\/revisions\/287"}],"wp:featuredmedia":[{"embeddable":true,"href":"https:\/\/owi-pilicka.psoni.org.pl\/index.php?rest_route=\/wp\/v2\/media\/49"}],"wp:attachment":[{"href":"https:\/\/owi-pilicka.psoni.org.pl\/index.php?rest_route=%2Fwp%2Fv2%2Fmedia&parent=45"}],"curies":[{"name":"wp","href":"https:\/\/api.w.org\/{rel}","templated":true}]}}