{"id":60,"date":"2018-06-21T10:50:12","date_gmt":"2018-06-21T10:50:12","guid":{"rendered":"http:\/\/owi-pilicka.psoni.org.pl\/?page_id=60"},"modified":"2019-02-05T12:34:33","modified_gmt":"2019-02-05T10:34:33","slug":"koncepcja-ndt-bobath","status":"publish","type":"page","link":"https:\/\/owi-pilicka.psoni.org.pl\/?page_id=60","title":{"rendered":"Koncepcja NDT- Bobath"},"content":{"rendered":"<p style=\"text-align: justify;\">Jest szczeg\u00f3lnie przydatna w usprawnianiu niemowl\u0105t i ma\u0142ych dzieci, gdy\u017c:<\/p>\n<ul style=\"text-align: justify;\">\n<li>Mo\u017ce by\u0107 \u0142atwo w\u0142\u0105czona w codzienn\u0105 opiek\u0119 nad dzieckiem,<\/li>\n<li>Nie zaburza rozk\u0142adu dnia niemowl\u0119cia,<\/li>\n<li>Wp\u0142ywa na pozytywne kszta\u0142towanie wi\u0119zi\u00a0 pomi\u0119dzy mam\u0105\/tat\u0105 a dzieckiem,<\/li>\n<li>Stymuluje rozw\u00f3j ruchowy, poznawczy i spo\u0142eczny,<\/li>\n<li>Zak\u0142ada sta\u0142\u0105 aktywno\u015b\u0107 niemowl\u0119cia podczas terapii, co kszta\u0142tuje pozytywne postrzeganie siebie i otaczaj\u0105cego \u015bwiata przez ma\u0142e dziecko.<\/li>\n<\/ul>\n<p style=\"text-align: justify;\">Koncepcja terapii opiera si\u0119 na bardzo dobrej znajomo\u015bci prawid\u0142owego rozwoju niemowl\u0119cia. Specjali\u015bci NDT- Bobath koncentruj\u0105 si\u0119 na rozwijaniu umiej\u0119tno\u015bci ruchowych w\u0142a\u015bciwych dla danego wieku z zachowaniem mo\u017cliwie wysokiej jako\u015bci ruchu. Celem usprawniania jest przygotowanie dziecka do funkcjonowania w \u015brodowisku. Szczeg\u00f3ln\u0105 uwag\u0119 przyk\u0142ada si\u0119 do torowania prawid\u0142owego napi\u0119cia mi\u0119\u015bniowego, przygotowania sensorycznego, czyli umiej\u0119tnego reagowania na bod\u017ace p\u0142yn\u0105ce z otoczenia, \u00a0zapewnienia pe\u0142nego zakresu ruch\u00f3w w stawach oraz wykorzystania umiej\u0119tno\u015bci nabytych w czasie sesji terapeutycznych w samodzielnym dzia\u0142aniu niemowl\u0119cia (przemieszczaniu si\u0119, zabawie, jedzeniu, itp). Terapeuta na bie\u017c\u0105co wsp\u00f3\u0142pracuje z rodzicami, daj\u0105c informacj\u0119 o prawid\u0142owym wykonywaniu codziennych czynno\u015bci (w\u0142a\u015bciwe podnoszenie, sposoby trzymania dziecka na r\u0119kach, ubieranie i rozbieranie, karmienie, zabiegi piel\u0119gnacyjne oraz zabawa z dzieckiem). Czynno\u015bci te stanowi\u0105 wa\u017cne uzupe\u0142nienie usprawniania dziecka i\u00a0 s\u0105 sposobem utrwalania przez rodzic\u00f3w w warunkach domowych wzorc\u00f3w ruchowych wprowadzanych podczas terapii. Cz\u0119stotliwo\u015b\u0107, intensywno\u015b\u0107 i czas trwania terapii jest dostosowywany indywidualnie do potrzeb i mo\u017cliwo\u015bci ka\u017cdego niemowl\u0119cia.<\/p>\n<p style=\"text-align: justify;\">Koncepcja NDT-Bobath nakierowana jest na dzieci, kt\u00f3re maj\u0105 problem z szeroko rozumianym rozwojem psychoruchowym, a wi\u0119c w szczeg\u00f3lno\u015bci dla dzieci z :<\/p>\n<ul>\n<li style=\"list-style-type: none\">\n<ul>\n<li style=\"text-align: justify;\">op\u00f3\u017anieniem rozwoju,<\/li>\n<\/ul>\n<\/li>\n<\/ul>\n<ul>\n<li style=\"list-style-type: none\">\n<ul>\n<li style=\"text-align: justify;\">uszkodzeniem i\/lub problemami w funkcjonowaniu o\u015brodkowego uk\u0142adu nerwowego,<\/li>\n<\/ul>\n<\/li>\n<\/ul>\n<ul>\n<li style=\"list-style-type: none\">\n<ul>\n<li style=\"text-align: justify;\">wzmo\u017conym lub obni\u017conym napi\u0119ciem mi\u0119\u015bniowym,<\/li>\n<\/ul>\n<\/li>\n<\/ul>\n<ul>\n<li style=\"list-style-type: none\">\n<ul>\n<li style=\"text-align: justify;\">asymetri\u0105 (w tym z kr\u0119czem szyi),<\/li>\n<\/ul>\n<\/li>\n<\/ul>\n<ul>\n<li style=\"list-style-type: none\">\n<ul>\n<li style=\"text-align: justify;\">problemami ortopedycznymi (wady, zniekszta\u0142cenia ko\u0144czyn),<\/li>\n<\/ul>\n<\/li>\n<\/ul>\n<ul>\n<li style=\"list-style-type: none\">\n<ul>\n<li style=\"text-align: justify;\">wadami genetycznymi wp\u0142ywaj\u0105cymi na rozw\u00f3j dziecka,<\/li>\n<\/ul>\n<\/li>\n<\/ul>\n<ul>\n<li style=\"text-align: justify;\">zaburzeniami karmienia (ssania, po\u0142ykania).<\/li>\n<\/ul>\n","protected":false},"excerpt":{"rendered":"<p>Jest szczeg\u00f3lnie przydatna w usprawnianiu niemowl\u0105t i ma\u0142ych dzieci, gdy\u017c: Mo\u017ce by\u0107 \u0142atwo w\u0142\u0105czona w codzienn\u0105 opiek\u0119 nad dzieckiem, Nie zaburza rozk\u0142adu dnia niemowl\u0119cia, Wp\u0142ywa na pozytywne kszta\u0142towanie wi\u0119zi\u00a0 pomi\u0119dzy mam\u0105\/tat\u0105 a dzieckiem, Stymuluje rozw\u00f3j ruchowy, poznawczy i spo\u0142eczny, Zak\u0142ada sta\u0142\u0105 aktywno\u015b\u0107 niemowl\u0119cia podczas terapii, co kszta\u0142tuje pozytywne postrzeganie siebie [&hellip;]<\/p>\n","protected":false},"author":1,"featured_media":61,"parent":0,"menu_order":0,"comment_status":"closed","ping_status":"closed","template":"","meta":{"footnotes":""},"class_list":["post-60","page","type-page","status-publish","has-post-thumbnail","hentry"],"_links":{"self":[{"href":"https:\/\/owi-pilicka.psoni.org.pl\/index.php?rest_route=\/wp\/v2\/pages\/60","targetHints":{"allow":["GET"]}}],"collection":[{"href":"https:\/\/owi-pilicka.psoni.org.pl\/index.php?rest_route=\/wp\/v2\/pages"}],"about":[{"href":"https:\/\/owi-pilicka.psoni.org.pl\/index.php?rest_route=\/wp\/v2\/types\/page"}],"author":[{"embeddable":true,"href":"https:\/\/owi-pilicka.psoni.org.pl\/index.php?rest_route=\/wp\/v2\/users\/1"}],"replies":[{"embeddable":true,"href":"https:\/\/owi-pilicka.psoni.org.pl\/index.php?rest_route=%2Fwp%2Fv2%2Fcomments&post=60"}],"version-history":[{"count":3,"href":"https:\/\/owi-pilicka.psoni.org.pl\/index.php?rest_route=\/wp\/v2\/pages\/60\/revisions"}],"predecessor-version":[{"id":242,"href":"https:\/\/owi-pilicka.psoni.org.pl\/index.php?rest_route=\/wp\/v2\/pages\/60\/revisions\/242"}],"wp:featuredmedia":[{"embeddable":true,"href":"https:\/\/owi-pilicka.psoni.org.pl\/index.php?rest_route=\/wp\/v2\/media\/61"}],"wp:attachment":[{"href":"https:\/\/owi-pilicka.psoni.org.pl\/index.php?rest_route=%2Fwp%2Fv2%2Fmedia&parent=60"}],"curies":[{"name":"wp","href":"https:\/\/api.w.org\/{rel}","templated":true}]}}