{"id":68,"date":"2018-06-21T10:57:37","date_gmt":"2018-06-21T10:57:37","guid":{"rendered":"http:\/\/owi-pilicka.psoni.org.pl\/?page_id=68"},"modified":"2019-01-03T17:07:40","modified_gmt":"2019-01-03T15:07:40","slug":"metoda-integracji-sensorycznej","status":"publish","type":"page","link":"https:\/\/owi-pilicka.psoni.org.pl\/?page_id=68","title":{"rendered":"Metoda Integracji Sensorycznej"},"content":{"rendered":"<p style=\"text-align: justify;\">Integracja sensoryczna (SI) to proces organizacji wra\u017ce\u0144 zmys\u0142owych ze wszystkich kana\u0142\u00f3w sensorycznych (wzrok, s\u0142uch, dotyk, r\u00f3wnowaga, czucie ruchu) i \u0142\u0105czenia ich z wcze\u015bniejszymi do\u015bwiadczeniami przez uk\u0142ad nerwowy tak, aby mog\u0142y by\u0107 one u\u017cyte w celowym dzia\u0142aniu.<\/p>\n<p style=\"text-align: justify;\">Tw\u00f3rc\u0105 teorii i terapii SI by\u0142a dr Jean Ayres, kt\u00f3ra w latach 60. sformu\u0142owa\u0142a hipotez\u0119 na temat zale\u017cno\u015bci wyst\u0119powania trudno\u015bci w uczeniu si\u0119 i zaburze\u0144 funkcji psychoneurologicznych. Ze Stan\u00f3w Zjednoczonych do Polski metoda ta dotar\u0142a w roku 1993 i od tego czasu zyskuje na popularno\u015bci. Prowadzona jest przez wykwalifikowanych terapeut\u00f3w na podstawie diagnozy bazuj\u0105cej na obserwacji klinicznej i standaryzowanych testach. \u0106wiczenia odbywaj\u0105 si\u0119 w specjalnie wyposa\u017conej sali &#8211; znajduje si\u0119 tam wiele podwieszanych sprz\u0119t\u00f3w, takich jak hu\u015btawki, hamaki, trapezy, a tak\u017ce kszta\u0142tki, na kt\u00f3re mo\u017cna si\u0119 wspina\u0107, suchy basen wype\u0142niony pi\u0142kami, ciekawe przedmioty o r\u00f3\u017cnych fakturach i kszta\u0142tach.<\/p>\n<p style=\"text-align: justify;\"><img loading=\"lazy\" decoding=\"async\" src=\"http:\/\/owi-pilicka.psoni.org.pl\/wp-content\/uploads\/2018\/06\/IMG_1233-e1529578626156-225x300.jpg\" alt=\"\" width=\"225\" height=\"300\" class=\"size-medium wp-image-69 alignleft\" srcset=\"https:\/\/owi-pilicka.psoni.org.pl\/wp-content\/uploads\/2018\/06\/IMG_1233-e1529578626156-225x300.jpg 225w, https:\/\/owi-pilicka.psoni.org.pl\/wp-content\/uploads\/2018\/06\/IMG_1233-e1529578626156-768x1024.jpg 768w\" sizes=\"auto, (max-width: 225px) 100vw, 225px\" \/><\/p>\n<p style=\"text-align: justify;\">Terapia SI cz\u0119sto bywa nazywana &#8222;naukow\u0105 zabaw\u0105&#8221; &#8211; dziecko w czasie zaj\u0119\u0107 samo wybiera interesuj\u0105ce go aktywno\u015bci, ucz\u0105c si\u0119 przez zmys\u0142y, rol\u0105 terapeuty za\u015b jest umiej\u0119tnie pokierowa\u0107 zabaw\u0105 tak, aby dostarczy\u0107 niezb\u0119dnych dziecku bod\u017ac\u00f3w, a wyhamowa\u0107 lub ograniczy\u0107 niepo\u017c\u0105dane. Bazuj\u0105c na wewn\u0119trznej motywacji dziecka, terapeuta ci\u0105gle stawia przed nim wyzwania tak, aby jak najsilniej stymulowa\u0107 uk\u0142ad nerwowy, wyzwalaj\u0105c procesy adaptacyjne. Dzi\u0119ki usprawnieniu pracy uk\u0142ad\u00f3w sensorycznych i proces\u00f3w integracji sensorycznej w m\u00f3zgu, dziecko jest w stanie uczy\u0107 si\u0119 nowych umiej\u0119tno\u015bci, takich jak jazda na rowerze, pisanie, czytanie itd.<\/p>\n<p style=\"text-align: justify;\">Metoda integracji sensorycznej dedykowana jest dzieciom z zaburzeniami przetwarzania zmys\u0142owego oraz trudno\u015bciami w uczeniu si\u0119, jednak jest r\u00f3wnie\u017c doskona\u0142\u0105 terapi\u0105 wspomagaj\u0105c\u0105 dla wszystkich dzieci z zaburzeniami rozwojowymi &#8211; niepe\u0142nosprawno\u015bci\u0105 ruchow\u0105, intelektualn\u0105, ca\u0142o\u015bciowymi zaburzeniami rozwoju.<\/p>\n","protected":false},"excerpt":{"rendered":"<p>Integracja sensoryczna (SI) to proces organizacji wra\u017ce\u0144 zmys\u0142owych ze wszystkich kana\u0142\u00f3w sensorycznych (wzrok, s\u0142uch, dotyk, r\u00f3wnowaga, czucie ruchu) i \u0142\u0105czenia ich z wcze\u015bniejszymi do\u015bwiadczeniami przez uk\u0142ad nerwowy tak, aby mog\u0142y by\u0107 one u\u017cyte w celowym dzia\u0142aniu. Tw\u00f3rc\u0105 teorii i terapii SI by\u0142a dr Jean Ayres, kt\u00f3ra w latach 60. sformu\u0142owa\u0142a [&hellip;]<\/p>\n","protected":false},"author":1,"featured_media":70,"parent":0,"menu_order":0,"comment_status":"closed","ping_status":"closed","template":"","meta":{"footnotes":""},"class_list":["post-68","page","type-page","status-publish","has-post-thumbnail","hentry"],"_links":{"self":[{"href":"https:\/\/owi-pilicka.psoni.org.pl\/index.php?rest_route=\/wp\/v2\/pages\/68","targetHints":{"allow":["GET"]}}],"collection":[{"href":"https:\/\/owi-pilicka.psoni.org.pl\/index.php?rest_route=\/wp\/v2\/pages"}],"about":[{"href":"https:\/\/owi-pilicka.psoni.org.pl\/index.php?rest_route=\/wp\/v2\/types\/page"}],"author":[{"embeddable":true,"href":"https:\/\/owi-pilicka.psoni.org.pl\/index.php?rest_route=\/wp\/v2\/users\/1"}],"replies":[{"embeddable":true,"href":"https:\/\/owi-pilicka.psoni.org.pl\/index.php?rest_route=%2Fwp%2Fv2%2Fcomments&post=68"}],"version-history":[{"count":2,"href":"https:\/\/owi-pilicka.psoni.org.pl\/index.php?rest_route=\/wp\/v2\/pages\/68\/revisions"}],"predecessor-version":[{"id":212,"href":"https:\/\/owi-pilicka.psoni.org.pl\/index.php?rest_route=\/wp\/v2\/pages\/68\/revisions\/212"}],"wp:featuredmedia":[{"embeddable":true,"href":"https:\/\/owi-pilicka.psoni.org.pl\/index.php?rest_route=\/wp\/v2\/media\/70"}],"wp:attachment":[{"href":"https:\/\/owi-pilicka.psoni.org.pl\/index.php?rest_route=%2Fwp%2Fv2%2Fmedia&parent=68"}],"curies":[{"name":"wp","href":"https:\/\/api.w.org\/{rel}","templated":true}]}}