{"id":72,"date":"2018-06-21T10:59:14","date_gmt":"2018-06-21T10:59:14","guid":{"rendered":"http:\/\/owi-pilicka.psoni.org.pl\/?page_id=72"},"modified":"2019-02-05T12:38:53","modified_gmt":"2019-02-05T10:38:53","slug":"masaz-shantali","status":"publish","type":"page","link":"https:\/\/owi-pilicka.psoni.org.pl\/?page_id=72","title":{"rendered":"Masa\u017c Shantali"},"content":{"rendered":"<p style=\"text-align: justify;\">Opracowany przez francuskiego po\u0142o\u017cnika Fredericka Leboyer, na podstawie tradycyjnej hinduskiej techniki. Jest g\u0142\u00f3wnie masa\u017cem dla niemowl\u0105t. Jednak r\u00f3wnie pozytywne efekty mo\u017cna zaobserwowa\u0107 stosuj\u0105c go u starszych dzieci, zw\u0142aszcza tych z deficytami na poziomie emocji. Jest stosowany zar\u00f3wno u dzieci zdrowych, jak i op\u00f3\u017anionych w rozwoju psychoruchowym, z pora\u017ceniem m\u00f3zgowym, z wadami genetycznymi oraz innymi dysfunkcjami (zaburzenia regulacji, asymetria, nieprawid\u0142owa dystrybucja napi\u0119cia mi\u0119\u015bni, zaburzenia sensorycznej integracji).<br \/>\nFizjoterapeuta w czasie kilku spotka\u0144 terapeutycznych uczy rodzic\u00f3w przeprowadzania masa\u017cu, aby w warunkach domowych wykonywali go przez 10-15 minut codziennie.<br \/>\nRegularne masowanie ma pozytywny wp\u0142yw na dziecko oraz na matk\u0119 czy inn\u0105 osob\u0119 wykonuj\u0105c\u0105 masa\u017c.<\/p>\n<p style=\"text-align: justify;\"><span style=\"text-decoration: underline;\">Korzy\u015bci dla dziecka<\/span>: poprawia wi\u0119zi z rodzicem, wycisza, uspokaja, pomaga w regulowaniu snu, poprawia trawienie, modyfikuje napi\u0119cie mi\u0119\u015bni, podnosi \u015bwiadomo\u015b\u0107 w\u0142asnego cia\u0142a a w ten spos\u00f3b wzmaga poczucie bezpiecze\u0144stwa, podnosi odporno\u015b\u0107 organizmu, stymuluje uk\u0142ad hormonalny.<\/p>\n<p style=\"text-align: justify;\"><span style=\"text-decoration: underline;\">Korzy\u015bci dla rodzica<\/span>: uspokaja, wzmaga i poprawia wi\u0119\u017a z dzieckiem, poprawia pewno\u015b\u0107 siebie, wiar\u0119 w swoje umiej\u0119tno\u015bci opieki nad dzieckiem, \u0142agodzi lub zapobiega poporodowej depresji u matek, pomaga w rozumieniu dziecka, tego co komunikuj\u0119.<\/p>\n","protected":false},"excerpt":{"rendered":"<p>Opracowany przez francuskiego po\u0142o\u017cnika Fredericka Leboyer, na podstawie tradycyjnej hinduskiej techniki. Jest g\u0142\u00f3wnie masa\u017cem dla niemowl\u0105t. Jednak r\u00f3wnie pozytywne efekty mo\u017cna zaobserwowa\u0107 stosuj\u0105c go u starszych dzieci, zw\u0142aszcza tych z deficytami na poziomie emocji. Jest stosowany zar\u00f3wno u dzieci zdrowych, jak i op\u00f3\u017anionych w rozwoju psychoruchowym, z pora\u017ceniem m\u00f3zgowym, z [&hellip;]<\/p>\n","protected":false},"author":1,"featured_media":0,"parent":0,"menu_order":0,"comment_status":"closed","ping_status":"closed","template":"","meta":{"footnotes":""},"class_list":["post-72","page","type-page","status-publish","hentry"],"_links":{"self":[{"href":"https:\/\/owi-pilicka.psoni.org.pl\/index.php?rest_route=\/wp\/v2\/pages\/72","targetHints":{"allow":["GET"]}}],"collection":[{"href":"https:\/\/owi-pilicka.psoni.org.pl\/index.php?rest_route=\/wp\/v2\/pages"}],"about":[{"href":"https:\/\/owi-pilicka.psoni.org.pl\/index.php?rest_route=\/wp\/v2\/types\/page"}],"author":[{"embeddable":true,"href":"https:\/\/owi-pilicka.psoni.org.pl\/index.php?rest_route=\/wp\/v2\/users\/1"}],"replies":[{"embeddable":true,"href":"https:\/\/owi-pilicka.psoni.org.pl\/index.php?rest_route=%2Fwp%2Fv2%2Fcomments&post=72"}],"version-history":[{"count":3,"href":"https:\/\/owi-pilicka.psoni.org.pl\/index.php?rest_route=\/wp\/v2\/pages\/72\/revisions"}],"predecessor-version":[{"id":243,"href":"https:\/\/owi-pilicka.psoni.org.pl\/index.php?rest_route=\/wp\/v2\/pages\/72\/revisions\/243"}],"wp:attachment":[{"href":"https:\/\/owi-pilicka.psoni.org.pl\/index.php?rest_route=%2Fwp%2Fv2%2Fmedia&parent=72"}],"curies":[{"name":"wp","href":"https:\/\/api.w.org\/{rel}","templated":true}]}}